{"id":72,"date":"2020-04-07T09:03:17","date_gmt":"2020-04-07T09:03:17","guid":{"rendered":"https:\/\/la-via-antiga.com\/five-ways-farm\/?page_id=72"},"modified":"2020-04-09T05:36:07","modified_gmt":"2020-04-09T05:36:07","slug":"terms-and-conditions","status":"publish","type":"page","link":"https:\/\/la-via-antiga.com\/five-ways-farm\/terms-and-conditions\/","title":{"rendered":"Terms and Conditions"},"content":{"rendered":"\t\t<div data-elementor-type=\"wp-page\" data-elementor-id=\"72\" class=\"elementor elementor-72\" data-elementor-post-type=\"page\">\n\t\t\t\t\t\t<section class=\"elementor-section elementor-top-section elementor-element elementor-element-357e533 elementor-section-stretched elementor-section-full_width elementor-section-height-default elementor-section-height-default\" data-id=\"357e533\" data-element_type=\"section\" data-e-type=\"section\" data-settings=\"{&quot;stretch_section&quot;:&quot;section-stretched&quot;}\">\n\t\t\t\t\t\t<div class=\"elementor-container elementor-column-gap-default\">\n\t\t\t\t\t<div class=\"elementor-column elementor-col-100 elementor-top-column elementor-element elementor-element-f10a24d\" data-id=\"f10a24d\" data-element_type=\"column\" data-e-type=\"column\">\n\t\t\t<div class=\"elementor-widget-wrap elementor-element-populated\">\n\t\t\t\t\t\t<div class=\"elementor-element elementor-element-36f61de elementor-widget elementor-widget-heading\" data-id=\"36f61de\" data-element_type=\"widget\" data-e-type=\"widget\" data-widget_type=\"heading.default\">\n\t\t\t\t<div class=\"elementor-widget-container\">\n\t\t\t\t\t<h2 class=\"elementor-heading-title elementor-size-default\">Termini e condizioni (\"Condizioni\")<\/h2>\t\t\t\t<\/div>\n\t\t\t\t<\/div>\n\t\t\t\t<div class=\"elementor-element elementor-element-8ee5d09 elementor-widget elementor-widget-text-editor\" data-id=\"8ee5d09\" data-element_type=\"widget\" data-e-type=\"widget\" data-widget_type=\"text-editor.default\">\n\t\t\t\t<div class=\"elementor-widget-container\">\n\t\t\t\t\t\t\t\t\t<p>Ultimo aggiornamento: 2020\/02\/22<\/p><p>Si prega di leggere attentamente i presenti Termini e Condizioni (&#8220;Termini&#8221;, &#8220;Termini e Condizioni&#8221;) prima di utilizzare il sito web\u00a0<a href=\"https:\/\/la-via-antiga.com\/five-ways-farm\/\">https:\/\/la-via-antiga.com\/five-ways-farm\/<\/a>\u00a0gestito da <b>Zanin Ciro &#8211;\u00a0<\/b><b>Five Ways Farm<\/b>\u00a0(&#8220;noi&#8221;, &#8220;noi&#8221;, o &#8220;nostro&#8221;).<\/p><p>L&#8217;accesso e l&#8217;utilizzo del Servizio \u00e8 subordinato all&#8217;accettazione e al rispetto di questi Termini e Condizioni. Questi Termini si applicano a tutti i visitatori, utenti e altri che accedono o utilizzano il Servizio.<\/p><p><b>Accedendo o utilizzando il Servizio l&#8217;utente accetta di essere vincolato da questi Termini. Se l&#8217;utente non \u00e8 d&#8217;accordo con una qualsiasi parte dei termini, non pu\u00f2 accedere al Servizio<\/b>.<\/p><p><b>Link ad altri siti web<\/b><\/p><p>Il nostro Servizio pu\u00f2 contenere link a siti web o servizi di terze parti che non sono posseduti o controllati da Zanin Ciro &#8211;\u00a0<b>Five Ways Farm<\/b>.<\/p><p>Zanin Ciro &#8211;\u00a0<b>Five Ways Farm<\/b>\u00a0non ha alcun controllo e non si assume alcuna responsabilit\u00e0 per il contenuto, le politiche sulla privacy o le pratiche di qualsiasi sito web o servizio di terze parti. L&#8217;utente riconosce e accetta inoltre che Zanin Ciro &#8211;\u00a0<b>Five Ways Farm<\/b>\u00a0non sar\u00e0 responsabile, direttamente o indirettamente, per qualsiasi danno o perdita causata o che si presume sia causata da o in connessione con l&#8217;uso o l&#8217;affidamento su tali contenuti, beni o servizi disponibili su o attraverso tali siti web o servizi.<\/p><p><b>Disdetta<\/b><\/p><p>Possiamo interrompere o sospendere l&#8217;accesso al nostro Servizio immediatamente, senza preavviso o responsabilit\u00e0, per qualsiasi motivo, incluso, senza limitazione, se l&#8217;utente viola i Termini.<\/p><p>Tutte le disposizioni dei Termini che, per loro natura, dovrebbero sopravvivere alla risoluzione, incluse, senza limitazione, le disposizioni sulla propriet\u00e0, gli esoneri di garanzia, l&#8217;indennit\u00e0 e le limitazioni di responsabilit\u00e0.<\/p><p><b>Modifiche<\/b><\/p><p>Ci riserviamo il diritto, a nostra esclusiva discrezione, di modificare o sostituire le presenti Condizioni in qualsiasi momento. Se una revisione \u00e8 materiale, cercheremo di fornire un preavviso di almeno 30 giorni prima dell&#8217;entrata in vigore di qualsiasi nuovo termine. Ci\u00f2 che costituisce una modifica sostanziale sar\u00e0 determinato a nostra esclusiva discrezione.<\/p><p><b>Contattateci<\/b><\/p><p>Se avete domande su queste Condizioni, vi preghiamo di contattarci.<\/p>\t\t\t\t\t\t\t\t<\/div>\n\t\t\t\t<\/div>\n\t\t\t\t\t<\/div>\n\t\t<\/div>\n\t\t\t\t\t<\/div>\n\t\t<\/section>\n\t\t\t\t<\/div>\n\t\t","protected":false},"excerpt":{"rendered":"<p>Termini e condizioni (&#8220;Condizioni&#8221;) Ultimo aggiornamento: 2020\/02\/22 Si prega di leggere attentamente i presenti Termini e Condizioni (&#8220;Termini&#8221;, &#8220;Termini e Condizioni&#8221;) prima di utilizzare il sito web\u00a0https:\/\/la-via-antiga.com\/five-ways-farm\/\u00a0gestito da Zanin Ciro &#8211;\u00a0Five Ways Farm\u00a0(&#8220;noi&#8221;, &#8220;noi&#8221;, o &#8220;nostro&#8221;). L&#8217;accesso e l&#8217;utilizzo del Servizio \u00e8 subordinato all&#8217;accettazione e al rispetto di questi Termini e Condizioni. Questi Termini si&#8230;<\/p>\n","protected":false},"author":2,"featured_media":0,"parent":0,"menu_order":0,"comment_status":"closed","ping_status":"closed","template":"elementor_header_footer","meta":{"_acf_changed":false,"_kadence_starter_templates_imported_post":false,"_kad_post_transparent":"","_kad_post_title":"hide","_kad_post_layout":"fullwidth","_kad_post_sidebar_id":"","_kad_post_content_style":"unboxed","_kad_post_vertical_padding":"hide","_kad_post_feature":"hide","_kad_post_feature_position":"","_kad_post_header":false,"_kad_post_footer":false,"_kad_post_classname":"","footnotes":""},"class_list":["post-72","page","type-page","status-publish","hentry"],"acf":[],"yoast_head":"<!-- This site is optimized with the Yoast SEO plugin v27.4 - https:\/\/yoast.com\/product\/yoast-seo-wordpress\/ -->\n<title>Terms and Conditions - Five Ways Farm<\/title>\n<meta name=\"robots\" content=\"index, follow, max-snippet:-1, max-image-preview:large, max-video-preview:-1\" \/>\n<link rel=\"canonical\" href=\"https:\/\/la-via-antiga.com\/five-ways-farm\/terms-and-conditions\/\" \/>\n<meta property=\"og:locale\" content=\"en_US\" \/>\n<meta property=\"og:type\" content=\"article\" \/>\n<meta property=\"og:title\" content=\"Terms and Conditions - Five Ways Farm\" \/>\n<meta property=\"og:description\" content=\"Termini e condizioni (&#8220;Condizioni&#8221;) Ultimo aggiornamento: 2020\/02\/22 Si prega di leggere attentamente i presenti Termini e Condizioni (&#8220;Termini&#8221;, &#8220;Termini e Condizioni&#8221;) prima di utilizzare il sito web\u00a0https:\/\/la-via-antiga.com\/five-ways-farm\/\u00a0gestito da Zanin Ciro &#8211;\u00a0Five Ways Farm\u00a0(&#8220;noi&#8221;, &#8220;noi&#8221;, o &#8220;nostro&#8221;). L&#8217;accesso e l&#8217;utilizzo del Servizio \u00e8 subordinato all&#8217;accettazione e al rispetto di questi Termini e Condizioni. Questi Termini si...\" \/>\n<meta property=\"og:url\" content=\"https:\/\/la-via-antiga.com\/five-ways-farm\/terms-and-conditions\/\" \/>\n<meta property=\"og:site_name\" content=\"Five Ways Farm\" \/>\n<meta property=\"article:modified_time\" content=\"2020-04-09T05:36:07+00:00\" \/>\n<meta name=\"twitter:card\" content=\"summary_large_image\" \/>\n<meta name=\"twitter:label1\" content=\"Est. reading time\" \/>\n\t<meta name=\"twitter:data1\" content=\"2 minutes\" \/>\n<script type=\"application\/ld+json\" class=\"yoast-schema-graph\">{\"@context\":\"https:\\\/\\\/schema.org\",\"@graph\":[{\"@type\":\"WebPage\",\"@id\":\"https:\\\/\\\/la-via-antiga.com\\\/five-ways-farm\\\/terms-and-conditions\\\/\",\"url\":\"https:\\\/\\\/la-via-antiga.com\\\/five-ways-farm\\\/terms-and-conditions\\\/\",\"name\":\"Terms and Conditions - Five Ways Farm\",\"isPartOf\":{\"@id\":\"https:\\\/\\\/la-via-antiga.com\\\/five-ways-farm\\\/#website\"},\"datePublished\":\"2020-04-07T09:03:17+00:00\",\"dateModified\":\"2020-04-09T05:36:07+00:00\",\"breadcrumb\":{\"@id\":\"https:\\\/\\\/la-via-antiga.com\\\/five-ways-farm\\\/terms-and-conditions\\\/#breadcrumb\"},\"inLanguage\":\"en-US\",\"potentialAction\":[{\"@type\":\"ReadAction\",\"target\":[\"https:\\\/\\\/la-via-antiga.com\\\/five-ways-farm\\\/terms-and-conditions\\\/\"]}]},{\"@type\":\"BreadcrumbList\",\"@id\":\"https:\\\/\\\/la-via-antiga.com\\\/five-ways-farm\\\/terms-and-conditions\\\/#breadcrumb\",\"itemListElement\":[{\"@type\":\"ListItem\",\"position\":1,\"name\":\"Home\",\"item\":\"https:\\\/\\\/la-via-antiga.com\\\/five-ways-farm\\\/\"},{\"@type\":\"ListItem\",\"position\":2,\"name\":\"Terms and Conditions\"}]},{\"@type\":\"WebSite\",\"@id\":\"https:\\\/\\\/la-via-antiga.com\\\/five-ways-farm\\\/#website\",\"url\":\"https:\\\/\\\/la-via-antiga.com\\\/five-ways-farm\\\/\",\"name\":\"Five Ways Farm\",\"description\":\"Cinque Vie: Natura, Salute, Amicizia, Conoscenza, Sostenibilit\u00e0\",\"publisher\":{\"@id\":\"https:\\\/\\\/la-via-antiga.com\\\/five-ways-farm\\\/#organization\"},\"potentialAction\":[{\"@type\":\"SearchAction\",\"target\":{\"@type\":\"EntryPoint\",\"urlTemplate\":\"https:\\\/\\\/la-via-antiga.com\\\/five-ways-farm\\\/?s={search_term_string}\"},\"query-input\":{\"@type\":\"PropertyValueSpecification\",\"valueRequired\":true,\"valueName\":\"search_term_string\"}}],\"inLanguage\":\"en-US\"},{\"@type\":\"Organization\",\"@id\":\"https:\\\/\\\/la-via-antiga.com\\\/five-ways-farm\\\/#organization\",\"name\":\"Five Ways Farm\",\"url\":\"https:\\\/\\\/la-via-antiga.com\\\/five-ways-farm\\\/\",\"logo\":{\"@type\":\"ImageObject\",\"inLanguage\":\"en-US\",\"@id\":\"https:\\\/\\\/la-via-antiga.com\\\/five-ways-farm\\\/#\\\/schema\\\/logo\\\/image\\\/\",\"url\":\"https:\\\/\\\/la-via-antiga.com\\\/five-ways-farm\\\/wp-content\\\/uploads\\\/sites\\\/6\\\/2020\\\/04\\\/FIVE-WAYS-FARM_LOGO-min.jpg\",\"contentUrl\":\"https:\\\/\\\/la-via-antiga.com\\\/five-ways-farm\\\/wp-content\\\/uploads\\\/sites\\\/6\\\/2020\\\/04\\\/FIVE-WAYS-FARM_LOGO-min.jpg\",\"width\":1000,\"height\":1000,\"caption\":\"Five Ways Farm\"},\"image\":{\"@id\":\"https:\\\/\\\/la-via-antiga.com\\\/five-ways-farm\\\/#\\\/schema\\\/logo\\\/image\\\/\"}}]}<\/script>\n<!-- \/ Yoast SEO plugin. -->","yoast_head_json":{"title":"Terms and Conditions - Five Ways Farm","robots":{"index":"index","follow":"follow","max-snippet":"max-snippet:-1","max-image-preview":"max-image-preview:large","max-video-preview":"max-video-preview:-1"},"canonical":"https:\/\/la-via-antiga.com\/five-ways-farm\/terms-and-conditions\/","og_locale":"en_US","og_type":"article","og_title":"Terms and Conditions - Five Ways Farm","og_description":"Termini e condizioni (&#8220;Condizioni&#8221;) Ultimo aggiornamento: 2020\/02\/22 Si prega di leggere attentamente i presenti Termini e Condizioni (&#8220;Termini&#8221;, &#8220;Termini e Condizioni&#8221;) prima di utilizzare il sito web\u00a0https:\/\/la-via-antiga.com\/five-ways-farm\/\u00a0gestito da Zanin Ciro &#8211;\u00a0Five Ways Farm\u00a0(&#8220;noi&#8221;, &#8220;noi&#8221;, o &#8220;nostro&#8221;). L&#8217;accesso e l&#8217;utilizzo del Servizio \u00e8 subordinato all&#8217;accettazione e al rispetto di questi Termini e Condizioni. Questi Termini si...","og_url":"https:\/\/la-via-antiga.com\/five-ways-farm\/terms-and-conditions\/","og_site_name":"Five Ways Farm","article_modified_time":"2020-04-09T05:36:07+00:00","twitter_card":"summary_large_image","twitter_misc":{"Est. reading time":"2 minutes"},"schema":{"@context":"https:\/\/schema.org","@graph":[{"@type":"WebPage","@id":"https:\/\/la-via-antiga.com\/five-ways-farm\/terms-and-conditions\/","url":"https:\/\/la-via-antiga.com\/five-ways-farm\/terms-and-conditions\/","name":"Terms and Conditions - Five Ways Farm","isPartOf":{"@id":"https:\/\/la-via-antiga.com\/five-ways-farm\/#website"},"datePublished":"2020-04-07T09:03:17+00:00","dateModified":"2020-04-09T05:36:07+00:00","breadcrumb":{"@id":"https:\/\/la-via-antiga.com\/five-ways-farm\/terms-and-conditions\/#breadcrumb"},"inLanguage":"en-US","potentialAction":[{"@type":"ReadAction","target":["https:\/\/la-via-antiga.com\/five-ways-farm\/terms-and-conditions\/"]}]},{"@type":"BreadcrumbList","@id":"https:\/\/la-via-antiga.com\/five-ways-farm\/terms-and-conditions\/#breadcrumb","itemListElement":[{"@type":"ListItem","position":1,"name":"Home","item":"https:\/\/la-via-antiga.com\/five-ways-farm\/"},{"@type":"ListItem","position":2,"name":"Terms and Conditions"}]},{"@type":"WebSite","@id":"https:\/\/la-via-antiga.com\/five-ways-farm\/#website","url":"https:\/\/la-via-antiga.com\/five-ways-farm\/","name":"Five Ways Farm","description":"Cinque Vie: Natura, Salute, Amicizia, Conoscenza, Sostenibilit\u00e0","publisher":{"@id":"https:\/\/la-via-antiga.com\/five-ways-farm\/#organization"},"potentialAction":[{"@type":"SearchAction","target":{"@type":"EntryPoint","urlTemplate":"https:\/\/la-via-antiga.com\/five-ways-farm\/?s={search_term_string}"},"query-input":{"@type":"PropertyValueSpecification","valueRequired":true,"valueName":"search_term_string"}}],"inLanguage":"en-US"},{"@type":"Organization","@id":"https:\/\/la-via-antiga.com\/five-ways-farm\/#organization","name":"Five Ways Farm","url":"https:\/\/la-via-antiga.com\/five-ways-farm\/","logo":{"@type":"ImageObject","inLanguage":"en-US","@id":"https:\/\/la-via-antiga.com\/five-ways-farm\/#\/schema\/logo\/image\/","url":"https:\/\/la-via-antiga.com\/five-ways-farm\/wp-content\/uploads\/sites\/6\/2020\/04\/FIVE-WAYS-FARM_LOGO-min.jpg","contentUrl":"https:\/\/la-via-antiga.com\/five-ways-farm\/wp-content\/uploads\/sites\/6\/2020\/04\/FIVE-WAYS-FARM_LOGO-min.jpg","width":1000,"height":1000,"caption":"Five Ways Farm"},"image":{"@id":"https:\/\/la-via-antiga.com\/five-ways-farm\/#\/schema\/logo\/image\/"}}]}},"_links":{"self":[{"href":"https:\/\/la-via-antiga.com\/five-ways-farm\/wp-json\/wp\/v2\/pages\/72","targetHints":{"allow":["GET"]}}],"collection":[{"href":"https:\/\/la-via-antiga.com\/five-ways-farm\/wp-json\/wp\/v2\/pages"}],"about":[{"href":"https:\/\/la-via-antiga.com\/five-ways-farm\/wp-json\/wp\/v2\/types\/page"}],"author":[{"embeddable":true,"href":"https:\/\/la-via-antiga.com\/five-ways-farm\/wp-json\/wp\/v2\/users\/2"}],"replies":[{"embeddable":true,"href":"https:\/\/la-via-antiga.com\/five-ways-farm\/wp-json\/wp\/v2\/comments?post=72"}],"version-history":[{"count":5,"href":"https:\/\/la-via-antiga.com\/five-ways-farm\/wp-json\/wp\/v2\/pages\/72\/revisions"}],"predecessor-version":[{"id":396,"href":"https:\/\/la-via-antiga.com\/five-ways-farm\/wp-json\/wp\/v2\/pages\/72\/revisions\/396"}],"wp:attachment":[{"href":"https:\/\/la-via-antiga.com\/five-ways-farm\/wp-json\/wp\/v2\/media?parent=72"}],"curies":[{"name":"wp","href":"https:\/\/api.w.org\/{rel}","templated":true}]}}