{"id":3939,"date":"2021-10-03T19:25:14","date_gmt":"2021-10-03T17:25:14","guid":{"rendered":"https:\/\/la-via-antiga.com\/five-ways-farm\/?page_id=3939"},"modified":"2021-11-11T17:08:49","modified_gmt":"2021-11-11T16:08:49","slug":"vivere-insieme","status":"publish","type":"page","link":"https:\/\/la-via-antiga.com\/five-ways-farm\/vivere-insieme\/","title":{"rendered":"Vivere Insieme"},"content":{"rendered":"\t\t<div data-elementor-type=\"wp-page\" data-elementor-id=\"3939\" class=\"elementor elementor-3939\" data-elementor-post-type=\"page\">\n\t\t\t\t\t\t<section class=\"elementor-section elementor-top-section elementor-element elementor-element-c8014a0 elementor-section-height-min-height elementor-section-items-top elementor-section-boxed elementor-section-height-default\" data-id=\"c8014a0\" data-element_type=\"section\" data-e-type=\"section\" data-settings=\"{&quot;background_background&quot;:&quot;classic&quot;}\">\n\t\t\t\t\t\t<div class=\"elementor-container elementor-column-gap-default\">\n\t\t\t\t\t<div class=\"elementor-column elementor-col-100 elementor-top-column elementor-element elementor-element-4ce42f7\" data-id=\"4ce42f7\" data-element_type=\"column\" data-e-type=\"column\">\n\t\t\t<div class=\"elementor-widget-wrap elementor-element-populated\">\n\t\t\t\t\t\t<div class=\"elementor-element elementor-element-613dcbc elementor-widget elementor-widget-heading\" data-id=\"613dcbc\" data-element_type=\"widget\" data-e-type=\"widget\" data-widget_type=\"heading.default\">\n\t\t\t\t<div class=\"elementor-widget-container\">\n\t\t\t\t\t<h1 class=\"elementor-heading-title elementor-size-default\"><b>Five Ways Farm<\/b> <b>project<\/b><\/h1>\t\t\t\t<\/div>\n\t\t\t\t<\/div>\n\t\t\t\t<div class=\"elementor-element elementor-element-0e0cba4 elementor-widget elementor-widget-heading\" data-id=\"0e0cba4\" data-element_type=\"widget\" data-e-type=\"widget\" data-widget_type=\"heading.default\">\n\t\t\t\t<div class=\"elementor-widget-container\">\n\t\t\t\t\t<h2 class=\"elementor-heading-title elementor-size-default\">Core Values: Nature, Health, Friendship, Knowledge, Sustainability<\/h2>\t\t\t\t<\/div>\n\t\t\t\t<\/div>\n\t\t\t\t<div class=\"elementor-element elementor-element-4845f04 elementor-widget elementor-widget-heading\" data-id=\"4845f04\" data-element_type=\"widget\" data-e-type=\"widget\" data-widget_type=\"heading.default\">\n\t\t\t\t<div class=\"elementor-widget-container\">\n\t\t\t\t\t<h2 class=\"elementor-heading-title elementor-size-default\">Mission: Living a higher quality life<\/h2>\t\t\t\t<\/div>\n\t\t\t\t<\/div>\n\t\t\t\t<div class=\"elementor-element elementor-element-0b72669 elementor-widget elementor-widget-text-editor\" data-id=\"0b72669\" data-element_type=\"widget\" data-e-type=\"widget\" data-widget_type=\"text-editor.default\">\n\t\t\t\t<div class=\"elementor-widget-container\">\n\t\t\t\t\t\t\t\t\t<p>Vivere Insieme<\/p>\t\t\t\t\t\t\t\t<\/div>\n\t\t\t\t<\/div>\n\t\t\t\t<div class=\"elementor-element elementor-element-c174510 elementor-hidden-tablet elementor-hidden-phone elementor-widget elementor-widget-image\" data-id=\"c174510\" data-element_type=\"widget\" data-e-type=\"widget\" data-widget_type=\"image.default\">\n\t\t\t\t<div class=\"elementor-widget-container\">\n\t\t\t\t\t\t\t\t\t\t\t\t\t\t\t<img fetchpriority=\"high\" decoding=\"async\" width=\"300\" height=\"300\" src=\"https:\/\/la-via-antiga.com\/five-ways-farm\/wp-content\/uploads\/sites\/6\/2021\/02\/FIVE-WAYS-FARM_LOGO-min-600x600-1-300x300.jpg\" class=\"attachment-medium size-medium wp-image-2931\" alt=\"\" srcset=\"https:\/\/la-via-antiga.com\/five-ways-farm\/wp-content\/uploads\/sites\/6\/2021\/02\/FIVE-WAYS-FARM_LOGO-min-600x600-1-300x300.jpg 300w, https:\/\/la-via-antiga.com\/five-ways-farm\/wp-content\/uploads\/sites\/6\/2021\/02\/FIVE-WAYS-FARM_LOGO-min-600x600-1-150x150.jpg 150w, https:\/\/la-via-antiga.com\/five-ways-farm\/wp-content\/uploads\/sites\/6\/2021\/02\/FIVE-WAYS-FARM_LOGO-min-600x600-1.jpg 600w\" sizes=\"(max-width: 300px) 100vw, 300px\" \/>\t\t\t\t\t\t\t\t\t\t\t\t\t\t\t<\/div>\n\t\t\t\t<\/div>\n\t\t\t\t\t<\/div>\n\t\t<\/div>\n\t\t\t\t\t<\/div>\n\t\t<\/section>\n\t\t\t\t<section class=\"elementor-section elementor-top-section elementor-element elementor-element-c304404 elementor-section-stretched elementor-section-boxed elementor-section-height-default elementor-section-height-default\" data-id=\"c304404\" data-element_type=\"section\" data-e-type=\"section\" data-settings=\"{&quot;stretch_section&quot;:&quot;section-stretched&quot;,&quot;background_background&quot;:&quot;gradient&quot;}\">\n\t\t\t\t\t\t\t<div class=\"elementor-background-overlay\"><\/div>\n\t\t\t\t\t\t\t<div class=\"elementor-container elementor-column-gap-default\">\n\t\t\t\t\t<div class=\"elementor-column elementor-col-100 elementor-top-column elementor-element elementor-element-f3583a8\" data-id=\"f3583a8\" data-element_type=\"column\" data-e-type=\"column\">\n\t\t\t<div class=\"elementor-widget-wrap elementor-element-populated\">\n\t\t\t\t\t\t<div class=\"elementor-element elementor-element-453f1ae elementor-widget elementor-widget-heading\" data-id=\"453f1ae\" data-element_type=\"widget\" data-e-type=\"widget\" data-widget_type=\"heading.default\">\n\t\t\t\t<div class=\"elementor-widget-container\">\n\t\t\t\t\t<h1 class=\"elementor-heading-title elementor-size-default\">VIVERE INSIEME<\/h1>\t\t\t\t<\/div>\n\t\t\t\t<\/div>\n\t\t\t\t\t<\/div>\n\t\t<\/div>\n\t\t\t\t\t<\/div>\n\t\t<\/section>\n\t\t\t\t<section class=\"elementor-section elementor-top-section elementor-element elementor-element-bdb8cb3 elementor-section-stretched elementor-section-full_width elementor-section-height-default elementor-section-height-default\" data-id=\"bdb8cb3\" data-element_type=\"section\" data-e-type=\"section\" data-settings=\"{&quot;stretch_section&quot;:&quot;section-stretched&quot;,&quot;background_background&quot;:&quot;gradient&quot;}\">\n\t\t\t\t\t\t\t<div class=\"elementor-background-overlay\"><\/div>\n\t\t\t\t\t\t\t<div class=\"elementor-container elementor-column-gap-default\">\n\t\t\t\t\t<div class=\"elementor-column elementor-col-100 elementor-top-column elementor-element elementor-element-ec6d803\" data-id=\"ec6d803\" data-element_type=\"column\" data-e-type=\"column\">\n\t\t\t<div class=\"elementor-widget-wrap elementor-element-populated\">\n\t\t\t\t\t\t<div class=\"elementor-element elementor-element-4fc86a3 elementor-widget elementor-widget-text-editor\" data-id=\"4fc86a3\" data-element_type=\"widget\" data-e-type=\"widget\" data-widget_type=\"text-editor.default\">\n\t\t\t\t<div class=\"elementor-widget-container\">\n\t\t\t\t\t\t\t\t\t<p>Fermiamoci per un momento a considerare che cosa significa Comunit\u00e0.<\/p><hr \/><p><b>Comunit\u00e0 <\/b>significa innanzitutto<b> vivere insieme<\/b>.<\/p><p>Vivere insieme vuol dire <i>dormire, bere, mangiare, parlare, ascoltare, saper ascoltare, gioire, soffrire<\/i>, <i>gestire pacatamente i conflitti<\/i>,\u00a0<i>imparare, lavorare, divertirsi, celebrare<\/i>\u00a0insieme.<\/p><p>A questo enunciato possiamo far corrispondere diversi livelli di <b>indipendenza <\/b>tra i membri della comunit\u00e0.<\/p><p>Per esempio, per quanto riguarda il <b>dormire<\/b>, possiamo decidere di dormire\u00a0tutti<\/p><ol><li>nello stesso letto, nella stessa camera, nello stesso appartamento, nello stesso fabbricato,<\/li><li>in letti distinti, nella stessa camera, nello stesso appartamento, nello stesso fabbricato,<\/li><li>in letti distinti, in camere distinte, nello stesso appartamento, nello stesso fabbricato,<\/li><li>in letti distinti, in camere distinte, in appartamenti distinti, nello stesso fabbricato,<\/li><li>in letti distinti, in camere distinte, in appartamenti distinti, in fabbricati distinti,<\/li><\/ol><p>e cos\u00ec via, o un mix di questi punti.<\/p><p>Quello che abbiamo detto per dormire lo possiamo, mutatis mutandi, dire per tutte le altre azioni: bere, mangiare, parlare, ascoltare, saper ascoltare, gioire, soffrire, gestire pacatamente i conflitti, imparare, lavorare, divertirsi, celebrare.<\/p><p>Chiaramente, pi\u00f9 ci si &#8220;allontana&#8221; gli uni dagli altri e sempre pi\u00f9 debole diventa il vincolo comunitario che ci lega, fino a scomparire.<\/p>\t\t\t\t\t\t\t\t<\/div>\n\t\t\t\t<\/div>\n\t\t\t\t\t<\/div>\n\t\t<\/div>\n\t\t\t\t\t<\/div>\n\t\t<\/section>\n\t\t\t\t<section class=\"elementor-section elementor-top-section elementor-element elementor-element-fae9eb2 elementor-section-stretched elementor-section-full_width elementor-section-height-default elementor-section-height-default\" data-id=\"fae9eb2\" data-element_type=\"section\" data-e-type=\"section\" data-settings=\"{&quot;stretch_section&quot;:&quot;section-stretched&quot;,&quot;background_background&quot;:&quot;gradient&quot;}\">\n\t\t\t\t\t\t\t<div class=\"elementor-background-overlay\"><\/div>\n\t\t\t\t\t\t\t<div class=\"elementor-container elementor-column-gap-default\">\n\t\t\t\t\t<div class=\"elementor-column elementor-col-100 elementor-top-column elementor-element elementor-element-a181afb\" data-id=\"a181afb\" data-element_type=\"column\" data-e-type=\"column\">\n\t\t\t<div class=\"elementor-widget-wrap elementor-element-populated\">\n\t\t\t\t\t\t<div class=\"elementor-element elementor-element-980ca85 elementor-widget elementor-widget-text-editor\" data-id=\"980ca85\" data-element_type=\"widget\" data-e-type=\"widget\" data-widget_type=\"text-editor.default\">\n\t\t\t\t<div class=\"elementor-widget-container\">\n\t\t\t\t\t\t\t\t\t<p><span style=\"font-weight: var( --e-global-typography-text-font-weight ); letter-spacing: 0.4px;\">Prendiamo in considerazione il modello abitativo. Come vorremmo <\/span><span style=\"letter-spacing: 0.4px;\"><b>abitare insieme<\/b><\/span><span style=\"font-weight: var( --e-global-typography-text-font-weight ); letter-spacing: 0.4px;\">?<\/span><\/p><p><span style=\"font-weight: var( --e-global-typography-text-font-weight ); letter-spacing: 0.4px;\">Alcuni modelli sono ben noti a tutti.<\/span><\/p><p><span style=\"font-weight: var( --e-global-typography-text-font-weight ); letter-spacing: 0.4px;\">In un <\/span><span style=\"letter-spacing: 0.4px;\"><b>albergo<\/b><\/span><span style=\"font-weight: var( --e-global-typography-text-font-weight ); letter-spacing: 0.4px;\">, ogni famiglia ha a disposizione: una camera con bagno; una sala comune\u00a0<\/span><span style=\"letter-spacing: 0.4px; font-weight: var( --e-global-typography-text-font-weight );\">per le colazioni,\u00a0<\/span><span style=\"font-weight: var( --e-global-typography-text-font-weight ); letter-spacing: 0.4px;\">con i tavoli assegnati a ciascuna camera in modo che ogni nucleo familiare abbia la sua privacy;\u00a0 una sala comune per i pasti, anche qui con i tavoli divisi; inoltre possono offrire sale\u00a0<\/span><span style=\"letter-spacing: 0.4px; font-weight: var( --e-global-typography-text-font-weight );\">e relativi servizi<\/span><span style=\"letter-spacing: 0.4px; font-weight: var( --e-global-typography-text-font-weight );\">\u00a0<\/span><span style=\"font-weight: var( --e-global-typography-text-font-weight ); letter-spacing: 0.4px;\">per fare eventi di formazione e di festa; stanze per palestre e spa; aree esterne attrezzate per praticare sport diversi.<\/span><\/p><p><span style=\"font-weight: var( --e-global-typography-text-font-weight ); letter-spacing: 0.4px;\">In un\u00a0<\/span><span style=\"letter-spacing: 0.4px;\"><b>ostello<\/b><\/span><span style=\"font-weight: var( --e-global-typography-text-font-weight ); letter-spacing: 0.4px;\">, generalmente, le camere ospitano pi\u00f9 famiglie in letti a castello; i bagni sono in comune per ciascuna stanza o per ciascun piano; gli ospiti hanno a disposizione una cucina dove prepararsi i pasti e una sala dove consumarli in tavoli separati o assieme ad altri ospiti; di solito sono presenti sale o aree dove incontrare gli altri ospiti e scambiarsi idee e informazioni.<\/span><\/p><p><span style=\"font-weight: var( --e-global-typography-text-font-weight ); letter-spacing: 0.4px;\">In un <\/span><span style=\"letter-spacing: 0.4px;\"><b>campeggio<\/b><\/span><span style=\"font-weight: var( --e-global-typography-text-font-weight ); letter-spacing: 0.4px;\">, gli ospiti hanno a disposizione una piazzola dove possono parcheggiare il camper o l&#8217;auto se viaggiano con le tende; le strutture igieniche sono in comune, con accessi distinti per sesso;\u00a0 all&#8217;interno del campeggio si trovano strutture di ristorazione; non mancano aree ricreative e sportive.<\/span><\/p><p><span style=\"font-weight: var( --e-global-typography-text-font-weight ); letter-spacing: 0.4px;\">Per persone che si apprestano ad affrontare la seconda parte della vita, ci sono le\u00a0<\/span><span style=\"letter-spacing: 0.4px;\"><b>case di riposo<\/b><\/span><span style=\"font-weight: var( --e-global-typography-text-font-weight ); letter-spacing: 0.4px;\"> per persone autonome e le <\/span><span style=\"letter-spacing: 0.4px;\"><b>case di cura<\/b><\/span><span style=\"font-weight: var( --e-global-typography-text-font-weight ); letter-spacing: 0.4px;\"> per persone variamente ammalate e parzialmente autonome. In tali strutture, oltre ad alcuni dei servizi offerti dalle strutture ricettive turistiche, si aggiungono servizi di assistenza medica variamente integrati.<\/span><\/p><p><span style=\"font-weight: var( --e-global-typography-text-font-weight ); letter-spacing: 0.4px;\">In questo progetto, propongo\u00a0<\/span><span style=\"font-weight: var( --e-global-typography-text-font-weight ); letter-spacing: 0.4px;\">di realizzare piccoli appartamenti, completi di cucina, camera da letto e bagno,\u00a0una sorta di\u00a0<\/span><span style=\"letter-spacing: 0.4px; font-weight: bold;\">apartahotel<\/span><span style=\"font-weight: var( --e-global-typography-text-font-weight ); letter-spacing: 0.4px;\">.\u00a0<\/span><span style=\"font-weight: var( --e-global-typography-text-font-weight ); letter-spacing: 0.4px;\">In questo modo ciascuno di noi condivider\u00e0 gli spazi pi\u00f9 personali non con tutta la comunit\u00e0, ma solo con le altre persone che abiteranno in appartamento con lui. Utilizzeremo i locali del fabbricato adibito a ristorazione agrituristica per mangiare i pasti riuniti tutti insieme. Inoltre, realizzeremo una biopiscina con un&#8217;area solario, una spa con le saune che sceglieremo, una o pi\u00f9 sale per lo studio, la formazione e le riunioni, e una o pi\u00f9 aree per praticare sport dolci e a materassino.<\/span><\/p>\t\t\t\t\t\t\t\t<\/div>\n\t\t\t\t<\/div>\n\t\t\t\t\t<\/div>\n\t\t<\/div>\n\t\t\t\t\t<\/div>\n\t\t<\/section>\n\t\t\t\t<\/div>\n\t\t","protected":false},"excerpt":{"rendered":"<p>Five Ways Farm project Core Values: Nature, Health, Friendship, Knowledge, Sustainability Mission: Living a higher quality life Vivere Insieme VIVERE INSIEME Fermiamoci per un momento a considerare che cosa significa Comunit\u00e0. Comunit\u00e0 significa innanzitutto vivere insieme. Vivere insieme vuol dire dormire, bere, mangiare, parlare, ascoltare, saper ascoltare, gioire, soffrire, gestire pacatamente i conflitti,\u00a0imparare, lavorare, divertirsi,&#8230;<\/p>\n","protected":false},"author":2,"featured_media":0,"parent":0,"menu_order":0,"comment_status":"closed","ping_status":"closed","template":"","meta":{"_acf_changed":false,"_kadence_starter_templates_imported_post":false,"_kad_post_transparent":"default","_kad_post_title":"hide","_kad_post_layout":"fullwidth","_kad_post_sidebar_id":"","_kad_post_content_style":"unboxed","_kad_post_vertical_padding":"hide","_kad_post_feature":"hide","_kad_post_feature_position":"","_kad_post_header":false,"_kad_post_footer":false,"_kad_post_classname":"","footnotes":""},"class_list":["post-3939","page","type-page","status-publish","hentry"],"acf":[],"yoast_head":"<!-- This site is optimized with the Yoast SEO plugin v27.4 - https:\/\/yoast.com\/product\/yoast-seo-wordpress\/ -->\n<title>Vivere Insieme - Five Ways Farm<\/title>\n<meta name=\"robots\" content=\"index, follow, max-snippet:-1, max-image-preview:large, max-video-preview:-1\" \/>\n<link rel=\"canonical\" href=\"https:\/\/la-via-antiga.com\/five-ways-farm\/vivere-insieme\/\" \/>\n<meta property=\"og:locale\" content=\"en_US\" \/>\n<meta property=\"og:type\" content=\"article\" \/>\n<meta property=\"og:title\" content=\"Vivere Insieme - Five Ways Farm\" \/>\n<meta property=\"og:description\" content=\"Five Ways Farm project Core Values: Nature, Health, Friendship, Knowledge, Sustainability Mission: Living a higher quality life Vivere Insieme VIVERE INSIEME Fermiamoci per un momento a considerare che cosa significa Comunit\u00e0. Comunit\u00e0 significa innanzitutto vivere insieme. Vivere insieme vuol dire dormire, bere, mangiare, parlare, ascoltare, saper ascoltare, gioire, soffrire, gestire pacatamente i conflitti,\u00a0imparare, lavorare, divertirsi,...\" \/>\n<meta property=\"og:url\" content=\"https:\/\/la-via-antiga.com\/five-ways-farm\/vivere-insieme\/\" \/>\n<meta property=\"og:site_name\" content=\"Five Ways Farm\" \/>\n<meta property=\"article:modified_time\" content=\"2021-11-11T16:08:49+00:00\" \/>\n<meta property=\"og:image\" content=\"https:\/\/la-via-antiga.com\/five-ways-farm\/wp-content\/uploads\/sites\/6\/2021\/02\/FIVE-WAYS-FARM_LOGO-min-600x600-1-300x300.jpg\" \/>\n<meta name=\"twitter:card\" content=\"summary_large_image\" \/>\n<meta name=\"twitter:label1\" content=\"Est. reading time\" \/>\n\t<meta name=\"twitter:data1\" content=\"3 minutes\" \/>\n<script type=\"application\/ld+json\" class=\"yoast-schema-graph\">{\"@context\":\"https:\\\/\\\/schema.org\",\"@graph\":[{\"@type\":\"WebPage\",\"@id\":\"https:\\\/\\\/la-via-antiga.com\\\/five-ways-farm\\\/vivere-insieme\\\/\",\"url\":\"https:\\\/\\\/la-via-antiga.com\\\/five-ways-farm\\\/vivere-insieme\\\/\",\"name\":\"Vivere Insieme - Five Ways Farm\",\"isPartOf\":{\"@id\":\"https:\\\/\\\/la-via-antiga.com\\\/five-ways-farm\\\/#website\"},\"primaryImageOfPage\":{\"@id\":\"https:\\\/\\\/la-via-antiga.com\\\/five-ways-farm\\\/vivere-insieme\\\/#primaryimage\"},\"image\":{\"@id\":\"https:\\\/\\\/la-via-antiga.com\\\/five-ways-farm\\\/vivere-insieme\\\/#primaryimage\"},\"thumbnailUrl\":\"https:\\\/\\\/la-via-antiga.com\\\/five-ways-farm\\\/wp-content\\\/uploads\\\/sites\\\/6\\\/2021\\\/02\\\/FIVE-WAYS-FARM_LOGO-min-600x600-1-300x300.jpg\",\"datePublished\":\"2021-10-03T17:25:14+00:00\",\"dateModified\":\"2021-11-11T16:08:49+00:00\",\"breadcrumb\":{\"@id\":\"https:\\\/\\\/la-via-antiga.com\\\/five-ways-farm\\\/vivere-insieme\\\/#breadcrumb\"},\"inLanguage\":\"en-US\",\"potentialAction\":[{\"@type\":\"ReadAction\",\"target\":[\"https:\\\/\\\/la-via-antiga.com\\\/five-ways-farm\\\/vivere-insieme\\\/\"]}]},{\"@type\":\"ImageObject\",\"inLanguage\":\"en-US\",\"@id\":\"https:\\\/\\\/la-via-antiga.com\\\/five-ways-farm\\\/vivere-insieme\\\/#primaryimage\",\"url\":\"https:\\\/\\\/la-via-antiga.com\\\/five-ways-farm\\\/wp-content\\\/uploads\\\/sites\\\/6\\\/2021\\\/02\\\/FIVE-WAYS-FARM_LOGO-min-600x600-1.jpg\",\"contentUrl\":\"https:\\\/\\\/la-via-antiga.com\\\/five-ways-farm\\\/wp-content\\\/uploads\\\/sites\\\/6\\\/2021\\\/02\\\/FIVE-WAYS-FARM_LOGO-min-600x600-1.jpg\",\"width\":600,\"height\":600},{\"@type\":\"BreadcrumbList\",\"@id\":\"https:\\\/\\\/la-via-antiga.com\\\/five-ways-farm\\\/vivere-insieme\\\/#breadcrumb\",\"itemListElement\":[{\"@type\":\"ListItem\",\"position\":1,\"name\":\"Home\",\"item\":\"https:\\\/\\\/la-via-antiga.com\\\/five-ways-farm\\\/\"},{\"@type\":\"ListItem\",\"position\":2,\"name\":\"Vivere Insieme\"}]},{\"@type\":\"WebSite\",\"@id\":\"https:\\\/\\\/la-via-antiga.com\\\/five-ways-farm\\\/#website\",\"url\":\"https:\\\/\\\/la-via-antiga.com\\\/five-ways-farm\\\/\",\"name\":\"Five Ways Farm\",\"description\":\"Cinque Vie: Natura, Salute, Amicizia, Conoscenza, Sostenibilit\u00e0\",\"publisher\":{\"@id\":\"https:\\\/\\\/la-via-antiga.com\\\/five-ways-farm\\\/#organization\"},\"potentialAction\":[{\"@type\":\"SearchAction\",\"target\":{\"@type\":\"EntryPoint\",\"urlTemplate\":\"https:\\\/\\\/la-via-antiga.com\\\/five-ways-farm\\\/?s={search_term_string}\"},\"query-input\":{\"@type\":\"PropertyValueSpecification\",\"valueRequired\":true,\"valueName\":\"search_term_string\"}}],\"inLanguage\":\"en-US\"},{\"@type\":\"Organization\",\"@id\":\"https:\\\/\\\/la-via-antiga.com\\\/five-ways-farm\\\/#organization\",\"name\":\"Five Ways Farm\",\"url\":\"https:\\\/\\\/la-via-antiga.com\\\/five-ways-farm\\\/\",\"logo\":{\"@type\":\"ImageObject\",\"inLanguage\":\"en-US\",\"@id\":\"https:\\\/\\\/la-via-antiga.com\\\/five-ways-farm\\\/#\\\/schema\\\/logo\\\/image\\\/\",\"url\":\"https:\\\/\\\/la-via-antiga.com\\\/five-ways-farm\\\/wp-content\\\/uploads\\\/sites\\\/6\\\/2020\\\/04\\\/FIVE-WAYS-FARM_LOGO-min.jpg\",\"contentUrl\":\"https:\\\/\\\/la-via-antiga.com\\\/five-ways-farm\\\/wp-content\\\/uploads\\\/sites\\\/6\\\/2020\\\/04\\\/FIVE-WAYS-FARM_LOGO-min.jpg\",\"width\":1000,\"height\":1000,\"caption\":\"Five Ways Farm\"},\"image\":{\"@id\":\"https:\\\/\\\/la-via-antiga.com\\\/five-ways-farm\\\/#\\\/schema\\\/logo\\\/image\\\/\"}}]}<\/script>\n<!-- \/ Yoast SEO plugin. -->","yoast_head_json":{"title":"Vivere Insieme - Five Ways Farm","robots":{"index":"index","follow":"follow","max-snippet":"max-snippet:-1","max-image-preview":"max-image-preview:large","max-video-preview":"max-video-preview:-1"},"canonical":"https:\/\/la-via-antiga.com\/five-ways-farm\/vivere-insieme\/","og_locale":"en_US","og_type":"article","og_title":"Vivere Insieme - Five Ways Farm","og_description":"Five Ways Farm project Core Values: Nature, Health, Friendship, Knowledge, Sustainability Mission: Living a higher quality life Vivere Insieme VIVERE INSIEME Fermiamoci per un momento a considerare che cosa significa Comunit\u00e0. Comunit\u00e0 significa innanzitutto vivere insieme. Vivere insieme vuol dire dormire, bere, mangiare, parlare, ascoltare, saper ascoltare, gioire, soffrire, gestire pacatamente i conflitti,\u00a0imparare, lavorare, divertirsi,...","og_url":"https:\/\/la-via-antiga.com\/five-ways-farm\/vivere-insieme\/","og_site_name":"Five Ways Farm","article_modified_time":"2021-11-11T16:08:49+00:00","og_image":[{"url":"https:\/\/la-via-antiga.com\/five-ways-farm\/wp-content\/uploads\/sites\/6\/2021\/02\/FIVE-WAYS-FARM_LOGO-min-600x600-1-300x300.jpg","type":"","width":"","height":""}],"twitter_card":"summary_large_image","twitter_misc":{"Est. reading time":"3 minutes"},"schema":{"@context":"https:\/\/schema.org","@graph":[{"@type":"WebPage","@id":"https:\/\/la-via-antiga.com\/five-ways-farm\/vivere-insieme\/","url":"https:\/\/la-via-antiga.com\/five-ways-farm\/vivere-insieme\/","name":"Vivere Insieme - Five Ways Farm","isPartOf":{"@id":"https:\/\/la-via-antiga.com\/five-ways-farm\/#website"},"primaryImageOfPage":{"@id":"https:\/\/la-via-antiga.com\/five-ways-farm\/vivere-insieme\/#primaryimage"},"image":{"@id":"https:\/\/la-via-antiga.com\/five-ways-farm\/vivere-insieme\/#primaryimage"},"thumbnailUrl":"https:\/\/la-via-antiga.com\/five-ways-farm\/wp-content\/uploads\/sites\/6\/2021\/02\/FIVE-WAYS-FARM_LOGO-min-600x600-1-300x300.jpg","datePublished":"2021-10-03T17:25:14+00:00","dateModified":"2021-11-11T16:08:49+00:00","breadcrumb":{"@id":"https:\/\/la-via-antiga.com\/five-ways-farm\/vivere-insieme\/#breadcrumb"},"inLanguage":"en-US","potentialAction":[{"@type":"ReadAction","target":["https:\/\/la-via-antiga.com\/five-ways-farm\/vivere-insieme\/"]}]},{"@type":"ImageObject","inLanguage":"en-US","@id":"https:\/\/la-via-antiga.com\/five-ways-farm\/vivere-insieme\/#primaryimage","url":"https:\/\/la-via-antiga.com\/five-ways-farm\/wp-content\/uploads\/sites\/6\/2021\/02\/FIVE-WAYS-FARM_LOGO-min-600x600-1.jpg","contentUrl":"https:\/\/la-via-antiga.com\/five-ways-farm\/wp-content\/uploads\/sites\/6\/2021\/02\/FIVE-WAYS-FARM_LOGO-min-600x600-1.jpg","width":600,"height":600},{"@type":"BreadcrumbList","@id":"https:\/\/la-via-antiga.com\/five-ways-farm\/vivere-insieme\/#breadcrumb","itemListElement":[{"@type":"ListItem","position":1,"name":"Home","item":"https:\/\/la-via-antiga.com\/five-ways-farm\/"},{"@type":"ListItem","position":2,"name":"Vivere Insieme"}]},{"@type":"WebSite","@id":"https:\/\/la-via-antiga.com\/five-ways-farm\/#website","url":"https:\/\/la-via-antiga.com\/five-ways-farm\/","name":"Five Ways Farm","description":"Cinque Vie: Natura, Salute, Amicizia, Conoscenza, Sostenibilit\u00e0","publisher":{"@id":"https:\/\/la-via-antiga.com\/five-ways-farm\/#organization"},"potentialAction":[{"@type":"SearchAction","target":{"@type":"EntryPoint","urlTemplate":"https:\/\/la-via-antiga.com\/five-ways-farm\/?s={search_term_string}"},"query-input":{"@type":"PropertyValueSpecification","valueRequired":true,"valueName":"search_term_string"}}],"inLanguage":"en-US"},{"@type":"Organization","@id":"https:\/\/la-via-antiga.com\/five-ways-farm\/#organization","name":"Five Ways Farm","url":"https:\/\/la-via-antiga.com\/five-ways-farm\/","logo":{"@type":"ImageObject","inLanguage":"en-US","@id":"https:\/\/la-via-antiga.com\/five-ways-farm\/#\/schema\/logo\/image\/","url":"https:\/\/la-via-antiga.com\/five-ways-farm\/wp-content\/uploads\/sites\/6\/2020\/04\/FIVE-WAYS-FARM_LOGO-min.jpg","contentUrl":"https:\/\/la-via-antiga.com\/five-ways-farm\/wp-content\/uploads\/sites\/6\/2020\/04\/FIVE-WAYS-FARM_LOGO-min.jpg","width":1000,"height":1000,"caption":"Five Ways Farm"},"image":{"@id":"https:\/\/la-via-antiga.com\/five-ways-farm\/#\/schema\/logo\/image\/"}}]}},"_links":{"self":[{"href":"https:\/\/la-via-antiga.com\/five-ways-farm\/wp-json\/wp\/v2\/pages\/3939","targetHints":{"allow":["GET"]}}],"collection":[{"href":"https:\/\/la-via-antiga.com\/five-ways-farm\/wp-json\/wp\/v2\/pages"}],"about":[{"href":"https:\/\/la-via-antiga.com\/five-ways-farm\/wp-json\/wp\/v2\/types\/page"}],"author":[{"embeddable":true,"href":"https:\/\/la-via-antiga.com\/five-ways-farm\/wp-json\/wp\/v2\/users\/2"}],"replies":[{"embeddable":true,"href":"https:\/\/la-via-antiga.com\/five-ways-farm\/wp-json\/wp\/v2\/comments?post=3939"}],"version-history":[{"count":5,"href":"https:\/\/la-via-antiga.com\/five-ways-farm\/wp-json\/wp\/v2\/pages\/3939\/revisions"}],"predecessor-version":[{"id":4344,"href":"https:\/\/la-via-antiga.com\/five-ways-farm\/wp-json\/wp\/v2\/pages\/3939\/revisions\/4344"}],"wp:attachment":[{"href":"https:\/\/la-via-antiga.com\/five-ways-farm\/wp-json\/wp\/v2\/media?parent=3939"}],"curies":[{"name":"wp","href":"https:\/\/api.w.org\/{rel}","templated":true}]}}