{"id":355,"date":"2020-04-08T14:07:11","date_gmt":"2020-04-08T14:07:11","guid":{"rendered":"https:\/\/la-via-antiga.com\/five-ways-farm\/?page_id=355"},"modified":"2021-11-11T17:14:36","modified_gmt":"2021-11-11T16:14:36","slug":"prenotazioni","status":"publish","type":"page","link":"https:\/\/la-via-antiga.com\/five-ways-farm\/prenotazioni\/","title":{"rendered":"Prenotazioni"},"content":{"rendered":"\t\t<div data-elementor-type=\"wp-page\" data-elementor-id=\"355\" class=\"elementor elementor-355\" data-elementor-post-type=\"page\">\n\t\t\t\t\t\t<section class=\"elementor-section elementor-top-section elementor-element elementor-element-0163640 elementor-section-height-min-height elementor-section-items-top elementor-section-boxed elementor-section-height-default\" data-id=\"0163640\" data-element_type=\"section\" data-e-type=\"section\" data-settings=\"{&quot;background_background&quot;:&quot;classic&quot;}\">\n\t\t\t\t\t\t<div class=\"elementor-container elementor-column-gap-default\">\n\t\t\t\t\t<div class=\"elementor-column elementor-col-100 elementor-top-column elementor-element elementor-element-c5cf14e\" data-id=\"c5cf14e\" data-element_type=\"column\" data-e-type=\"column\">\n\t\t\t<div class=\"elementor-widget-wrap elementor-element-populated\">\n\t\t\t\t\t\t<div class=\"elementor-element elementor-element-b6fe3ce elementor-widget elementor-widget-heading\" data-id=\"b6fe3ce\" data-element_type=\"widget\" data-e-type=\"widget\" data-widget_type=\"heading.default\">\n\t\t\t\t<div class=\"elementor-widget-container\">\n\t\t\t\t\t<h1 class=\"elementor-heading-title elementor-size-default\"><b>Five Ways Farm<\/b> <b>project<\/b><\/h1>\t\t\t\t<\/div>\n\t\t\t\t<\/div>\n\t\t\t\t<div class=\"elementor-element elementor-element-b4f6cd8 elementor-widget elementor-widget-heading\" data-id=\"b4f6cd8\" data-element_type=\"widget\" data-e-type=\"widget\" data-widget_type=\"heading.default\">\n\t\t\t\t<div class=\"elementor-widget-container\">\n\t\t\t\t\t<h2 class=\"elementor-heading-title elementor-size-default\">Guiding Values: Nature, Health, Friendship, Knowledge, Sustainability<\/h2>\t\t\t\t<\/div>\n\t\t\t\t<\/div>\n\t\t\t\t<div class=\"elementor-element elementor-element-9f704b3 elementor-widget elementor-widget-heading\" data-id=\"9f704b3\" data-element_type=\"widget\" data-e-type=\"widget\" data-widget_type=\"heading.default\">\n\t\t\t\t<div class=\"elementor-widget-container\">\n\t\t\t\t\t<h2 class=\"elementor-heading-title elementor-size-default\">Mission: Living a higher quality life<\/h2>\t\t\t\t<\/div>\n\t\t\t\t<\/div>\n\t\t\t\t<div class=\"elementor-element elementor-element-ae98690 elementor-widget elementor-widget-text-editor\" data-id=\"ae98690\" data-element_type=\"widget\" data-e-type=\"widget\" data-widget_type=\"text-editor.default\">\n\t\t\t\t<div class=\"elementor-widget-container\">\n\t\t\t\t\t\t\t\t\t<p>prenotazioni<\/p>\t\t\t\t\t\t\t\t<\/div>\n\t\t\t\t<\/div>\n\t\t\t\t\t<\/div>\n\t\t<\/div>\n\t\t\t\t\t<\/div>\n\t\t<\/section>\n\t\t\t\t<section class=\"elementor-section elementor-top-section elementor-element elementor-element-7e76b7e elementor-section-stretched elementor-section-full_width elementor-section-content-middle elementor-section-height-default elementor-section-height-default\" data-id=\"7e76b7e\" data-element_type=\"section\" data-e-type=\"section\" data-settings=\"{&quot;stretch_section&quot;:&quot;section-stretched&quot;,&quot;background_background&quot;:&quot;gradient&quot;}\">\n\t\t\t\t\t\t\t<div class=\"elementor-background-overlay\"><\/div>\n\t\t\t\t\t\t\t<div class=\"elementor-container elementor-column-gap-default\">\n\t\t\t\t\t<div class=\"elementor-column elementor-col-100 elementor-top-column elementor-element elementor-element-34f4ff7\" data-id=\"34f4ff7\" data-element_type=\"column\" data-e-type=\"column\">\n\t\t\t<div class=\"elementor-widget-wrap elementor-element-populated\">\n\t\t\t\t\t\t<div class=\"elementor-element elementor-element-ae8151c elementor-widget elementor-widget-heading\" data-id=\"ae8151c\" data-element_type=\"widget\" data-e-type=\"widget\" data-widget_type=\"heading.default\">\n\t\t\t\t<div class=\"elementor-widget-container\">\n\t\t\t\t\t<h2 class=\"elementor-heading-title elementor-size-default\">PRENOTAZIONI<\/h2>\t\t\t\t<\/div>\n\t\t\t\t<\/div>\n\t\t\t\t<div class=\"elementor-element elementor-element-19109d0 elementor-widget elementor-widget-text-editor\" data-id=\"19109d0\" data-element_type=\"widget\" data-e-type=\"widget\" data-widget_type=\"text-editor.default\">\n\t\t\t\t<div class=\"elementor-widget-container\">\n\t\t\t\t\t\t\t\t\t<p>Chi vuole pu\u00f2 prenotare una &#8220;<strong>quota per persona, legata ad un appartamento<\/strong>&#8221; o una &#8220;<strong>quota corrispondente ad un appartamento intero<\/strong>&#8220;.<\/p><p>In entrambi i casi \u00e8 opportuno specificare:<\/p><p>l&#8217;apporto di capitale sociale che si \u00e8 disposti a sottoscrivere, indicando un intervallo di capitale, es.: tra 100.000 e 250.000, in quanto le quote non potranno essere fissate prima di aver raccolto un congruo numero di potenziali sottoscrizioni;<\/p><p>il piano (terra o primo piano) e il blocco (A, B, C, D) del posto in appartamento o dell&#8217;appartamento intero in cui si desidera andare ad abitare finch\u00e9 si rimane possessori della quota sociale.<\/p><p>Per prenotare, quindi, \u00e8 sufficiente compilare il modulo di contatto con la dicitura <b>Prenotazione Quota Sociale<\/b> a cui far seguire la descrizione diell&#8217;ammontare che si vuole sottoscrivere e dell&#8217;appartamento dove si vuole andare a vivere, con le indicazioni sopradescritte.<\/p><p>Questa prenotazione non sar\u00e0 assolutamente vincolante n\u00e8 per coloro che effettuano la prenotazione, che in qualsiasi momento la potranno disdire, n\u00e9 per me che la ricevo.<\/p><p>\u00c8 una prenotazione a soli fini statistici e organizzativi, per permettere una facile comparazione tra il numero dei potenziali partecipanti, la soluzione costruttiva da adottare e il numero di posti ancora disponibili.<\/p><p>Ed \u00e8 anche un&#8217;indicazione per me di quando cominciare a organizzare incontri tra le persone interessate al progetto.<\/p>\t\t\t\t\t\t\t\t<\/div>\n\t\t\t\t<\/div>\n\t\t\t\t<div class=\"elementor-element elementor-element-1a9c1e1 elementor-align-center elementor-widget elementor-widget-button\" data-id=\"1a9c1e1\" data-element_type=\"widget\" data-e-type=\"widget\" data-widget_type=\"button.default\">\n\t\t\t\t<div class=\"elementor-widget-container\">\n\t\t\t\t\t\t\t\t\t<div class=\"elementor-button-wrapper\">\n\t\t\t\t\t<a class=\"elementor-button elementor-button-link elementor-size-sm\" href=\"https:\/\/la-via-antiga.com\/five-ways-farm\/contact-me\/\" target=\"_blank\">\n\t\t\t\t\t\t<span class=\"elementor-button-content-wrapper\">\n\t\t\t\t\t\t\t\t\t<span class=\"elementor-button-text\">Vai al Modulo di Contatto<\/span>\n\t\t\t\t\t<\/span>\n\t\t\t\t\t<\/a>\n\t\t\t\t<\/div>\n\t\t\t\t\t\t\t\t<\/div>\n\t\t\t\t<\/div>\n\t\t\t\t\t<\/div>\n\t\t<\/div>\n\t\t\t\t\t<\/div>\n\t\t<\/section>\n\t\t\t\t<section class=\"elementor-section elementor-top-section elementor-element elementor-element-a95568a elementor-section-stretched elementor-section-full_width elementor-section-height-default elementor-section-height-default\" data-id=\"a95568a\" data-element_type=\"section\" data-e-type=\"section\" data-settings=\"{&quot;stretch_section&quot;:&quot;section-stretched&quot;,&quot;background_background&quot;:&quot;classic&quot;}\">\n\t\t\t\t\t\t\t<div class=\"elementor-background-overlay\"><\/div>\n\t\t\t\t\t\t\t<div class=\"elementor-container elementor-column-gap-default\">\n\t\t\t\t\t<div class=\"elementor-column elementor-col-100 elementor-top-column elementor-element elementor-element-3e83c92\" data-id=\"3e83c92\" data-element_type=\"column\" data-e-type=\"column\">\n\t\t\t<div class=\"elementor-widget-wrap elementor-element-populated\">\n\t\t\t\t\t\t<div class=\"elementor-element elementor-element-a9ee3a7 elementor-align-center elementor-widget elementor-widget-button\" data-id=\"a9ee3a7\" data-element_type=\"widget\" data-e-type=\"widget\" data-widget_type=\"button.default\">\n\t\t\t\t<div class=\"elementor-widget-container\">\n\t\t\t\t\t\t\t\t\t<div class=\"elementor-button-wrapper\">\n\t\t\t\t\t<a class=\"elementor-button elementor-button-link elementor-size-sm\" href=\"https:\/\/la-via-antiga.com\/five-ways-farm\/raccolta-capitale\/\" target=\"_blank\">\n\t\t\t\t\t\t<span class=\"elementor-button-content-wrapper\">\n\t\t\t\t\t\t\t\t\t<span class=\"elementor-button-text\">Ritorna alla Raccolta di Capitale<\/span>\n\t\t\t\t\t<\/span>\n\t\t\t\t\t<\/a>\n\t\t\t\t<\/div>\n\t\t\t\t\t\t\t\t<\/div>\n\t\t\t\t<\/div>\n\t\t\t\t\t<\/div>\n\t\t<\/div>\n\t\t\t\t\t<\/div>\n\t\t<\/section>\n\t\t\t\t<\/div>\n\t\t","protected":false},"excerpt":{"rendered":"<p>Five Ways Farm project Guiding Values: Nature, Health, Friendship, Knowledge, Sustainability Mission: Living a higher quality life prenotazioni PRENOTAZIONI Chi vuole pu\u00f2 prenotare una &#8220;quota per persona, legata ad un appartamento&#8221; o una &#8220;quota corrispondente ad un appartamento intero&#8220;. In entrambi i casi \u00e8 opportuno specificare: l&#8217;apporto di capitale sociale che si \u00e8 disposti a&#8230;<\/p>\n","protected":false},"author":2,"featured_media":0,"parent":0,"menu_order":0,"comment_status":"closed","ping_status":"closed","template":"elementor_header_footer","meta":{"_acf_changed":false,"_kadence_starter_templates_imported_post":false,"_kad_post_transparent":"","_kad_post_title":"hide","_kad_post_layout":"fullwidth","_kad_post_sidebar_id":"","_kad_post_content_style":"unboxed","_kad_post_vertical_padding":"hide","_kad_post_feature":"hide","_kad_post_feature_position":"","_kad_post_header":false,"_kad_post_footer":false,"_kad_post_classname":"","footnotes":""},"class_list":["post-355","page","type-page","status-publish","hentry"],"acf":[],"yoast_head":"<!-- This site is optimized with the Yoast SEO plugin v27.4 - https:\/\/yoast.com\/product\/yoast-seo-wordpress\/ -->\n<title>Prenotazioni - Five Ways Farm<\/title>\n<meta name=\"robots\" content=\"index, follow, max-snippet:-1, max-image-preview:large, max-video-preview:-1\" \/>\n<link rel=\"canonical\" href=\"https:\/\/la-via-antiga.com\/five-ways-farm\/prenotazioni\/\" \/>\n<meta property=\"og:locale\" content=\"en_US\" \/>\n<meta property=\"og:type\" content=\"article\" \/>\n<meta property=\"og:title\" content=\"Prenotazioni - Five Ways Farm\" \/>\n<meta property=\"og:description\" content=\"Five Ways Farm project Guiding Values: Nature, Health, Friendship, Knowledge, Sustainability Mission: Living a higher quality life prenotazioni PRENOTAZIONI Chi vuole pu\u00f2 prenotare una &#8220;quota per persona, legata ad un appartamento&#8221; o una &#8220;quota corrispondente ad un appartamento intero&#8220;. In entrambi i casi \u00e8 opportuno specificare: l&#8217;apporto di capitale sociale che si \u00e8 disposti a...\" \/>\n<meta property=\"og:url\" content=\"https:\/\/la-via-antiga.com\/five-ways-farm\/prenotazioni\/\" \/>\n<meta property=\"og:site_name\" content=\"Five Ways Farm\" \/>\n<meta property=\"article:modified_time\" content=\"2021-11-11T16:14:36+00:00\" \/>\n<meta name=\"twitter:card\" content=\"summary_large_image\" \/>\n<meta name=\"twitter:label1\" content=\"Est. reading time\" \/>\n\t<meta name=\"twitter:data1\" content=\"2 minutes\" \/>\n<script type=\"application\/ld+json\" class=\"yoast-schema-graph\">{\"@context\":\"https:\\\/\\\/schema.org\",\"@graph\":[{\"@type\":\"WebPage\",\"@id\":\"https:\\\/\\\/la-via-antiga.com\\\/five-ways-farm\\\/prenotazioni\\\/\",\"url\":\"https:\\\/\\\/la-via-antiga.com\\\/five-ways-farm\\\/prenotazioni\\\/\",\"name\":\"Prenotazioni - Five Ways Farm\",\"isPartOf\":{\"@id\":\"https:\\\/\\\/la-via-antiga.com\\\/five-ways-farm\\\/#website\"},\"datePublished\":\"2020-04-08T14:07:11+00:00\",\"dateModified\":\"2021-11-11T16:14:36+00:00\",\"breadcrumb\":{\"@id\":\"https:\\\/\\\/la-via-antiga.com\\\/five-ways-farm\\\/prenotazioni\\\/#breadcrumb\"},\"inLanguage\":\"en-US\",\"potentialAction\":[{\"@type\":\"ReadAction\",\"target\":[\"https:\\\/\\\/la-via-antiga.com\\\/five-ways-farm\\\/prenotazioni\\\/\"]}]},{\"@type\":\"BreadcrumbList\",\"@id\":\"https:\\\/\\\/la-via-antiga.com\\\/five-ways-farm\\\/prenotazioni\\\/#breadcrumb\",\"itemListElement\":[{\"@type\":\"ListItem\",\"position\":1,\"name\":\"Home\",\"item\":\"https:\\\/\\\/la-via-antiga.com\\\/five-ways-farm\\\/\"},{\"@type\":\"ListItem\",\"position\":2,\"name\":\"Prenotazioni\"}]},{\"@type\":\"WebSite\",\"@id\":\"https:\\\/\\\/la-via-antiga.com\\\/five-ways-farm\\\/#website\",\"url\":\"https:\\\/\\\/la-via-antiga.com\\\/five-ways-farm\\\/\",\"name\":\"Five Ways Farm\",\"description\":\"Cinque Vie: Natura, Salute, Amicizia, Conoscenza, Sostenibilit\u00e0\",\"publisher\":{\"@id\":\"https:\\\/\\\/la-via-antiga.com\\\/five-ways-farm\\\/#organization\"},\"potentialAction\":[{\"@type\":\"SearchAction\",\"target\":{\"@type\":\"EntryPoint\",\"urlTemplate\":\"https:\\\/\\\/la-via-antiga.com\\\/five-ways-farm\\\/?s={search_term_string}\"},\"query-input\":{\"@type\":\"PropertyValueSpecification\",\"valueRequired\":true,\"valueName\":\"search_term_string\"}}],\"inLanguage\":\"en-US\"},{\"@type\":\"Organization\",\"@id\":\"https:\\\/\\\/la-via-antiga.com\\\/five-ways-farm\\\/#organization\",\"name\":\"Five Ways Farm\",\"url\":\"https:\\\/\\\/la-via-antiga.com\\\/five-ways-farm\\\/\",\"logo\":{\"@type\":\"ImageObject\",\"inLanguage\":\"en-US\",\"@id\":\"https:\\\/\\\/la-via-antiga.com\\\/five-ways-farm\\\/#\\\/schema\\\/logo\\\/image\\\/\",\"url\":\"https:\\\/\\\/la-via-antiga.com\\\/five-ways-farm\\\/wp-content\\\/uploads\\\/sites\\\/6\\\/2020\\\/04\\\/FIVE-WAYS-FARM_LOGO-min.jpg\",\"contentUrl\":\"https:\\\/\\\/la-via-antiga.com\\\/five-ways-farm\\\/wp-content\\\/uploads\\\/sites\\\/6\\\/2020\\\/04\\\/FIVE-WAYS-FARM_LOGO-min.jpg\",\"width\":1000,\"height\":1000,\"caption\":\"Five Ways Farm\"},\"image\":{\"@id\":\"https:\\\/\\\/la-via-antiga.com\\\/five-ways-farm\\\/#\\\/schema\\\/logo\\\/image\\\/\"}}]}<\/script>\n<!-- \/ Yoast SEO plugin. -->","yoast_head_json":{"title":"Prenotazioni - Five Ways Farm","robots":{"index":"index","follow":"follow","max-snippet":"max-snippet:-1","max-image-preview":"max-image-preview:large","max-video-preview":"max-video-preview:-1"},"canonical":"https:\/\/la-via-antiga.com\/five-ways-farm\/prenotazioni\/","og_locale":"en_US","og_type":"article","og_title":"Prenotazioni - Five Ways Farm","og_description":"Five Ways Farm project Guiding Values: Nature, Health, Friendship, Knowledge, Sustainability Mission: Living a higher quality life prenotazioni PRENOTAZIONI Chi vuole pu\u00f2 prenotare una &#8220;quota per persona, legata ad un appartamento&#8221; o una &#8220;quota corrispondente ad un appartamento intero&#8220;. In entrambi i casi \u00e8 opportuno specificare: l&#8217;apporto di capitale sociale che si \u00e8 disposti a...","og_url":"https:\/\/la-via-antiga.com\/five-ways-farm\/prenotazioni\/","og_site_name":"Five Ways Farm","article_modified_time":"2021-11-11T16:14:36+00:00","twitter_card":"summary_large_image","twitter_misc":{"Est. reading time":"2 minutes"},"schema":{"@context":"https:\/\/schema.org","@graph":[{"@type":"WebPage","@id":"https:\/\/la-via-antiga.com\/five-ways-farm\/prenotazioni\/","url":"https:\/\/la-via-antiga.com\/five-ways-farm\/prenotazioni\/","name":"Prenotazioni - Five Ways Farm","isPartOf":{"@id":"https:\/\/la-via-antiga.com\/five-ways-farm\/#website"},"datePublished":"2020-04-08T14:07:11+00:00","dateModified":"2021-11-11T16:14:36+00:00","breadcrumb":{"@id":"https:\/\/la-via-antiga.com\/five-ways-farm\/prenotazioni\/#breadcrumb"},"inLanguage":"en-US","potentialAction":[{"@type":"ReadAction","target":["https:\/\/la-via-antiga.com\/five-ways-farm\/prenotazioni\/"]}]},{"@type":"BreadcrumbList","@id":"https:\/\/la-via-antiga.com\/five-ways-farm\/prenotazioni\/#breadcrumb","itemListElement":[{"@type":"ListItem","position":1,"name":"Home","item":"https:\/\/la-via-antiga.com\/five-ways-farm\/"},{"@type":"ListItem","position":2,"name":"Prenotazioni"}]},{"@type":"WebSite","@id":"https:\/\/la-via-antiga.com\/five-ways-farm\/#website","url":"https:\/\/la-via-antiga.com\/five-ways-farm\/","name":"Five Ways Farm","description":"Cinque Vie: Natura, Salute, Amicizia, Conoscenza, Sostenibilit\u00e0","publisher":{"@id":"https:\/\/la-via-antiga.com\/five-ways-farm\/#organization"},"potentialAction":[{"@type":"SearchAction","target":{"@type":"EntryPoint","urlTemplate":"https:\/\/la-via-antiga.com\/five-ways-farm\/?s={search_term_string}"},"query-input":{"@type":"PropertyValueSpecification","valueRequired":true,"valueName":"search_term_string"}}],"inLanguage":"en-US"},{"@type":"Organization","@id":"https:\/\/la-via-antiga.com\/five-ways-farm\/#organization","name":"Five Ways Farm","url":"https:\/\/la-via-antiga.com\/five-ways-farm\/","logo":{"@type":"ImageObject","inLanguage":"en-US","@id":"https:\/\/la-via-antiga.com\/five-ways-farm\/#\/schema\/logo\/image\/","url":"https:\/\/la-via-antiga.com\/five-ways-farm\/wp-content\/uploads\/sites\/6\/2020\/04\/FIVE-WAYS-FARM_LOGO-min.jpg","contentUrl":"https:\/\/la-via-antiga.com\/five-ways-farm\/wp-content\/uploads\/sites\/6\/2020\/04\/FIVE-WAYS-FARM_LOGO-min.jpg","width":1000,"height":1000,"caption":"Five Ways Farm"},"image":{"@id":"https:\/\/la-via-antiga.com\/five-ways-farm\/#\/schema\/logo\/image\/"}}]}},"_links":{"self":[{"href":"https:\/\/la-via-antiga.com\/five-ways-farm\/wp-json\/wp\/v2\/pages\/355","targetHints":{"allow":["GET"]}}],"collection":[{"href":"https:\/\/la-via-antiga.com\/five-ways-farm\/wp-json\/wp\/v2\/pages"}],"about":[{"href":"https:\/\/la-via-antiga.com\/five-ways-farm\/wp-json\/wp\/v2\/types\/page"}],"author":[{"embeddable":true,"href":"https:\/\/la-via-antiga.com\/five-ways-farm\/wp-json\/wp\/v2\/users\/2"}],"replies":[{"embeddable":true,"href":"https:\/\/la-via-antiga.com\/five-ways-farm\/wp-json\/wp\/v2\/comments?post=355"}],"version-history":[{"count":5,"href":"https:\/\/la-via-antiga.com\/five-ways-farm\/wp-json\/wp\/v2\/pages\/355\/revisions"}],"predecessor-version":[{"id":4361,"href":"https:\/\/la-via-antiga.com\/five-ways-farm\/wp-json\/wp\/v2\/pages\/355\/revisions\/4361"}],"wp:attachment":[{"href":"https:\/\/la-via-antiga.com\/five-ways-farm\/wp-json\/wp\/v2\/media?parent=355"}],"curies":[{"name":"wp","href":"https:\/\/api.w.org\/{rel}","templated":true}]}}