{"id":344,"date":"2021-10-15T07:34:48","date_gmt":"2021-10-15T07:34:48","guid":{"rendered":"https:\/\/la-via-antiga.com\/five-ways-farm-deutsch\/?page_id=344"},"modified":"2021-10-15T08:55:28","modified_gmt":"2021-10-15T08:55:28","slug":"datenschutzbestimmungen","status":"publish","type":"page","link":"https:\/\/la-via-antiga.com\/five-ways-farm-deutsch\/datenschutzbestimmungen\/","title":{"rendered":"Datenschutzbestimmungen"},"content":{"rendered":"<p>GDPR-Datenschutzrichtlinie der Five Ways Farm<br \/>\nLetzte Aktualisierung: 15. Oktober 2021<\/p>\n<p>Definitionen<br \/>\nFive Ways Farm bedeutet: Zanin Ciro, Via San Martino, 13 &#8211; 30020 Torre di Mosto (VE) &#8211; ITALIEN &#8211; Steuernummer: ZNN CRI 61R30 A561 R &#8211; Umsatzsteuernummer: 03049610268.<br \/>\nGDPR<br \/>\nGesetz \u00fcber die allgemeine Datenschutzverordnung.<br \/>\nDatenkontrolleur<br \/>\nDer f\u00fcr die Verarbeitung Verantwortliche ist die nat\u00fcrliche oder juristische Person, die allein oder gemeinsam mit anderen Personen \u00fcber die Zwecke und Methoden der Verarbeitung personenbezogener Daten entscheidet.<br \/>\nDatenverarbeiter<br \/>\nDatenverarbeiter ist jede nat\u00fcrliche oder juristische Person, die Daten im Auftrag des f\u00fcr die Verarbeitung Verantwortlichen verarbeitet.<br \/>\nGegenstand der Daten<br \/>\nDie betroffene Person ist jede lebende nat\u00fcrliche Person, die unseren Dienst nutzt und Gegenstand der personenbezogenen Daten ist.<br \/>\n1. Grunds\u00e4tze f\u00fcr die Verarbeitung von personenbezogenen Daten<br \/>\nUnsere Grunds\u00e4tze f\u00fcr die Verarbeitung personenbezogener Daten sind:<\/p>\n<p>Fairness und Rechtm\u00e4\u00dfigkeit. Wenn wir personenbezogene Daten verarbeiten, m\u00fcssen die individuellen Rechte der betroffenen Personen gesch\u00fctzt werden. Alle personenbezogenen Daten m\u00fcssen auf rechtm\u00e4\u00dfige und faire Weise erhoben und verarbeitet werden.<br \/>\nAuf einen bestimmten Zweck beschr\u00e4nkt. Die personenbezogenen Daten der Betroffenen d\u00fcrfen nur f\u00fcr bestimmte Zwecke verarbeitet werden.<br \/>\nTransparenz. Der Betroffene muss dar\u00fcber informiert werden, wie seine Daten erhoben, verarbeitet und genutzt werden.<\/p>\n<p>2. Welche personenbezogenen Daten wir sammeln und verarbeiten<br \/>\nFive Ways Farm sammelt verschiedene Arten von personenbezogenen Daten f\u00fcr unterschiedliche Zwecke. Zu den personenbezogenen Daten k\u00f6nnen unter anderem folgende geh\u00f6ren:<\/p>\n<p>E-Mail Adresse<br \/>\nVor- und Nachname<br \/>\nTelefonnummer<br \/>\nAdresse, Bundesland, Provinz, Postleitzahl, Stadt<\/p>\n<p>3. Wie wir personenbezogene Daten verwenden<br \/>\nFive Ways Farm verwendet die erhobenen personenbezogenen Daten f\u00fcr verschiedene Zwecke:<\/p>\n<p>Um Ihnen Dienstleistungen anbieten zu k\u00f6nnen<br \/>\nUm Sie \u00fcber \u00c4nderungen an unseren Dienstleistungen und\/oder Produkten zu informieren<br \/>\nKundenunterst\u00fctzung bieten<br \/>\nUm wertvolle Analysen oder Informationen zur Verbesserung unserer Dienstleistungen zu sammeln<br \/>\nErkennen, Vorbeugen und L\u00f6sen von technischen Problemen<\/p>\n<p>4. Rechtsgrundlage f\u00fcr die Erhebung und Verarbeitung von personenbezogenen Daten<br \/>\nDie Rechtsgrundlage, auf der Five Ways Farm die in dieser Datenschutzrichtlinie beschriebenen personenbezogenen Daten erhebt und verwendet, h\u00e4ngt von den personenbezogenen Daten ab, die wir erheben, sowie von dem spezifischen Kontext, in dem wir die Informationen erheben:<\/p>\n<p>Five Ways Farm muss einen Vertrag mit Ihnen abschlie\u00dfen.<br \/>\nSie haben Five Ways Farm die Erlaubnis erteilt, dies zu tun.<br \/>\nDie Verarbeitung Ihrer personenbezogenen Daten erfolgt im berechtigten Interesse von Five Ways Farm.<br \/>\nFive Ways Farm muss das Gesetz einhalten<\/p>\n<p>5. Aufbewahrung von personenbezogenen Daten<br \/>\nFive Ways Farm bewahrt Ihre personenbezogenen Daten nur so lange auf, wie es f\u00fcr die in dieser Datenschutzrichtlinie dargelegten Zwecke erforderlich ist.<\/p>\n<p>Five Ways Farm wird Ihre Daten in dem Ma\u00dfe aufbewahren und verwenden, wie es f\u00fcr die Erf\u00fcllung unserer rechtlichen Verpflichtungen, die Beilegung von Streitigkeiten und die Durchsetzung unserer Richtlinien erforderlich ist.<\/p>\n<p>6. Datenschutzrechte<br \/>\nWenn Sie im Europ\u00e4ischen Wirtschaftsraum (EWR) ans\u00e4ssig sind, haben Sie bestimmte Datenschutzrechte. Wenn Sie dar\u00fcber informiert werden m\u00f6chten, welche personenbezogenen Daten wir \u00fcber Sie gespeichert haben, und wenn Sie m\u00f6chten, dass diese aus unseren Systemen entfernt werden, nehmen Sie bitte Kontakt mit uns auf.<\/p>\n<p>Unter bestimmten Umst\u00e4nden haben Sie die folgenden Datenschutzrechte:<\/p>\n<p>das Recht, auf die \u00fcber Sie gespeicherten Daten zuzugreifen, sie zu aktualisieren oder zu l\u00f6schen<br \/>\nDas Recht auf Berichtigung<br \/>\nDas Recht auf Widerspruch<br \/>\nDas Recht auf Beschr\u00e4nkung<br \/>\nDas Recht auf Daten\u00fcbertragbarkeit<br \/>\nDas Recht auf Widerruf der Zustimmung<\/p>\n","protected":false},"excerpt":{"rendered":"<p>GDPR-Datenschutzrichtlinie der Five Ways Farm Letzte Aktualisierung: 15. Oktober 2021 Definitionen Five Ways Farm bedeutet: Zanin Ciro, Via San Martino, 13 &#8211; 30020 Torre di Mosto (VE) &#8211; ITALIEN &#8211; Steuernummer: ZNN CRI 61R30 A561 R &#8211; Umsatzsteuernummer: 03049610268. GDPR Gesetz \u00fcber die allgemeine Datenschutzverordnung. Datenkontrolleur Der f\u00fcr die Verarbeitung Verantwortliche ist die nat\u00fcrliche oder&#8230;<\/p>\n","protected":false},"author":2,"featured_media":0,"parent":0,"menu_order":0,"comment_status":"closed","ping_status":"closed","template":"","meta":{"_acf_changed":false,"_kadence_starter_templates_imported_post":false,"_kad_post_transparent":"default","_kad_post_title":"default","_kad_post_layout":"default","_kad_post_sidebar_id":"","_kad_post_content_style":"default","_kad_post_vertical_padding":"default","_kad_post_feature":"","_kad_post_feature_position":"","_kad_post_header":false,"_kad_post_footer":false,"_kad_post_classname":"","footnotes":""},"class_list":["post-344","page","type-page","status-publish","hentry"],"acf":[],"yoast_head":"<!-- This site is optimized with the Yoast SEO plugin v27.4 - https:\/\/yoast.com\/product\/yoast-seo-wordpress\/ -->\n<title>Datenschutzbestimmungen - Five Ways Farm Deutsch<\/title>\n<meta name=\"robots\" content=\"index, follow, max-snippet:-1, max-image-preview:large, max-video-preview:-1\" \/>\n<link rel=\"canonical\" href=\"https:\/\/la-via-antiga.com\/five-ways-farm-deutsch\/datenschutzbestimmungen\/\" \/>\n<meta property=\"og:locale\" content=\"en_US\" \/>\n<meta property=\"og:type\" content=\"article\" \/>\n<meta property=\"og:title\" content=\"Datenschutzbestimmungen - Five Ways Farm Deutsch\" \/>\n<meta property=\"og:description\" content=\"GDPR-Datenschutzrichtlinie der Five Ways Farm Letzte Aktualisierung: 15. Oktober 2021 Definitionen Five Ways Farm bedeutet: Zanin Ciro, Via San Martino, 13 &#8211; 30020 Torre di Mosto (VE) &#8211; ITALIEN &#8211; Steuernummer: ZNN CRI 61R30 A561 R &#8211; Umsatzsteuernummer: 03049610268. GDPR Gesetz \u00fcber die allgemeine Datenschutzverordnung. Datenkontrolleur Der f\u00fcr die Verarbeitung Verantwortliche ist die nat\u00fcrliche oder...\" \/>\n<meta property=\"og:url\" content=\"https:\/\/la-via-antiga.com\/five-ways-farm-deutsch\/datenschutzbestimmungen\/\" \/>\n<meta property=\"og:site_name\" content=\"Five Ways Farm Deutsch\" \/>\n<meta property=\"article:modified_time\" content=\"2021-10-15T08:55:28+00:00\" \/>\n<meta name=\"twitter:card\" content=\"summary_large_image\" \/>\n<meta name=\"twitter:label1\" content=\"Est. reading time\" \/>\n\t<meta name=\"twitter:data1\" content=\"3 minutes\" \/>\n<script type=\"application\/ld+json\" class=\"yoast-schema-graph\">{\"@context\":\"https:\\\/\\\/schema.org\",\"@graph\":[{\"@type\":\"WebPage\",\"@id\":\"https:\\\/\\\/la-via-antiga.com\\\/five-ways-farm-deutsch\\\/datenschutzbestimmungen\\\/\",\"url\":\"https:\\\/\\\/la-via-antiga.com\\\/five-ways-farm-deutsch\\\/datenschutzbestimmungen\\\/\",\"name\":\"Datenschutzbestimmungen - Five Ways Farm Deutsch\",\"isPartOf\":{\"@id\":\"https:\\\/\\\/la-via-antiga.com\\\/five-ways-farm-deutsch\\\/#website\"},\"datePublished\":\"2021-10-15T07:34:48+00:00\",\"dateModified\":\"2021-10-15T08:55:28+00:00\",\"breadcrumb\":{\"@id\":\"https:\\\/\\\/la-via-antiga.com\\\/five-ways-farm-deutsch\\\/datenschutzbestimmungen\\\/#breadcrumb\"},\"inLanguage\":\"en-US\",\"potentialAction\":[{\"@type\":\"ReadAction\",\"target\":[\"https:\\\/\\\/la-via-antiga.com\\\/five-ways-farm-deutsch\\\/datenschutzbestimmungen\\\/\"]}]},{\"@type\":\"BreadcrumbList\",\"@id\":\"https:\\\/\\\/la-via-antiga.com\\\/five-ways-farm-deutsch\\\/datenschutzbestimmungen\\\/#breadcrumb\",\"itemListElement\":[{\"@type\":\"ListItem\",\"position\":1,\"name\":\"Home\",\"item\":\"https:\\\/\\\/la-via-antiga.com\\\/five-ways-farm-deutsch\\\/\"},{\"@type\":\"ListItem\",\"position\":2,\"name\":\"Datenschutzbestimmungen\"}]},{\"@type\":\"WebSite\",\"@id\":\"https:\\\/\\\/la-via-antiga.com\\\/five-ways-farm-deutsch\\\/#website\",\"url\":\"https:\\\/\\\/la-via-antiga.com\\\/five-ways-farm-deutsch\\\/\",\"name\":\"Five Ways Farm Deutsch\",\"description\":\"F\u00fcnf Wege: Natur, Gesundheit, Freundschaft, Wissen, Nachhaltigkeit\",\"publisher\":{\"@id\":\"https:\\\/\\\/la-via-antiga.com\\\/five-ways-farm-deutsch\\\/#organization\"},\"potentialAction\":[{\"@type\":\"SearchAction\",\"target\":{\"@type\":\"EntryPoint\",\"urlTemplate\":\"https:\\\/\\\/la-via-antiga.com\\\/five-ways-farm-deutsch\\\/?s={search_term_string}\"},\"query-input\":{\"@type\":\"PropertyValueSpecification\",\"valueRequired\":true,\"valueName\":\"search_term_string\"}}],\"inLanguage\":\"en-US\"},{\"@type\":\"Organization\",\"@id\":\"https:\\\/\\\/la-via-antiga.com\\\/five-ways-farm-deutsch\\\/#organization\",\"name\":\"Five Ways Farm Deutsch\",\"url\":\"https:\\\/\\\/la-via-antiga.com\\\/five-ways-farm-deutsch\\\/\",\"logo\":{\"@type\":\"ImageObject\",\"inLanguage\":\"en-US\",\"@id\":\"https:\\\/\\\/la-via-antiga.com\\\/five-ways-farm-deutsch\\\/#\\\/schema\\\/logo\\\/image\\\/\",\"url\":\"https:\\\/\\\/la-via-antiga.com\\\/five-ways-farm-deutsch\\\/wp-content\\\/uploads\\\/sites\\\/11\\\/2021\\\/10\\\/FIVE-WAYS-FARM_LOGO_128x128-min.jpg\",\"contentUrl\":\"https:\\\/\\\/la-via-antiga.com\\\/five-ways-farm-deutsch\\\/wp-content\\\/uploads\\\/sites\\\/11\\\/2021\\\/10\\\/FIVE-WAYS-FARM_LOGO_128x128-min.jpg\",\"width\":128,\"height\":128,\"caption\":\"Five Ways Farm Deutsch\"},\"image\":{\"@id\":\"https:\\\/\\\/la-via-antiga.com\\\/five-ways-farm-deutsch\\\/#\\\/schema\\\/logo\\\/image\\\/\"}}]}<\/script>\n<!-- \/ Yoast SEO plugin. -->","yoast_head_json":{"title":"Datenschutzbestimmungen - Five Ways Farm Deutsch","robots":{"index":"index","follow":"follow","max-snippet":"max-snippet:-1","max-image-preview":"max-image-preview:large","max-video-preview":"max-video-preview:-1"},"canonical":"https:\/\/la-via-antiga.com\/five-ways-farm-deutsch\/datenschutzbestimmungen\/","og_locale":"en_US","og_type":"article","og_title":"Datenschutzbestimmungen - Five Ways Farm Deutsch","og_description":"GDPR-Datenschutzrichtlinie der Five Ways Farm Letzte Aktualisierung: 15. Oktober 2021 Definitionen Five Ways Farm bedeutet: Zanin Ciro, Via San Martino, 13 &#8211; 30020 Torre di Mosto (VE) &#8211; ITALIEN &#8211; Steuernummer: ZNN CRI 61R30 A561 R &#8211; Umsatzsteuernummer: 03049610268. GDPR Gesetz \u00fcber die allgemeine Datenschutzverordnung. Datenkontrolleur Der f\u00fcr die Verarbeitung Verantwortliche ist die nat\u00fcrliche oder...","og_url":"https:\/\/la-via-antiga.com\/five-ways-farm-deutsch\/datenschutzbestimmungen\/","og_site_name":"Five Ways Farm Deutsch","article_modified_time":"2021-10-15T08:55:28+00:00","twitter_card":"summary_large_image","twitter_misc":{"Est. reading time":"3 minutes"},"schema":{"@context":"https:\/\/schema.org","@graph":[{"@type":"WebPage","@id":"https:\/\/la-via-antiga.com\/five-ways-farm-deutsch\/datenschutzbestimmungen\/","url":"https:\/\/la-via-antiga.com\/five-ways-farm-deutsch\/datenschutzbestimmungen\/","name":"Datenschutzbestimmungen - Five Ways Farm Deutsch","isPartOf":{"@id":"https:\/\/la-via-antiga.com\/five-ways-farm-deutsch\/#website"},"datePublished":"2021-10-15T07:34:48+00:00","dateModified":"2021-10-15T08:55:28+00:00","breadcrumb":{"@id":"https:\/\/la-via-antiga.com\/five-ways-farm-deutsch\/datenschutzbestimmungen\/#breadcrumb"},"inLanguage":"en-US","potentialAction":[{"@type":"ReadAction","target":["https:\/\/la-via-antiga.com\/five-ways-farm-deutsch\/datenschutzbestimmungen\/"]}]},{"@type":"BreadcrumbList","@id":"https:\/\/la-via-antiga.com\/five-ways-farm-deutsch\/datenschutzbestimmungen\/#breadcrumb","itemListElement":[{"@type":"ListItem","position":1,"name":"Home","item":"https:\/\/la-via-antiga.com\/five-ways-farm-deutsch\/"},{"@type":"ListItem","position":2,"name":"Datenschutzbestimmungen"}]},{"@type":"WebSite","@id":"https:\/\/la-via-antiga.com\/five-ways-farm-deutsch\/#website","url":"https:\/\/la-via-antiga.com\/five-ways-farm-deutsch\/","name":"Five Ways Farm Deutsch","description":"F\u00fcnf Wege: Natur, Gesundheit, Freundschaft, Wissen, Nachhaltigkeit","publisher":{"@id":"https:\/\/la-via-antiga.com\/five-ways-farm-deutsch\/#organization"},"potentialAction":[{"@type":"SearchAction","target":{"@type":"EntryPoint","urlTemplate":"https:\/\/la-via-antiga.com\/five-ways-farm-deutsch\/?s={search_term_string}"},"query-input":{"@type":"PropertyValueSpecification","valueRequired":true,"valueName":"search_term_string"}}],"inLanguage":"en-US"},{"@type":"Organization","@id":"https:\/\/la-via-antiga.com\/five-ways-farm-deutsch\/#organization","name":"Five Ways Farm Deutsch","url":"https:\/\/la-via-antiga.com\/five-ways-farm-deutsch\/","logo":{"@type":"ImageObject","inLanguage":"en-US","@id":"https:\/\/la-via-antiga.com\/five-ways-farm-deutsch\/#\/schema\/logo\/image\/","url":"https:\/\/la-via-antiga.com\/five-ways-farm-deutsch\/wp-content\/uploads\/sites\/11\/2021\/10\/FIVE-WAYS-FARM_LOGO_128x128-min.jpg","contentUrl":"https:\/\/la-via-antiga.com\/five-ways-farm-deutsch\/wp-content\/uploads\/sites\/11\/2021\/10\/FIVE-WAYS-FARM_LOGO_128x128-min.jpg","width":128,"height":128,"caption":"Five Ways Farm Deutsch"},"image":{"@id":"https:\/\/la-via-antiga.com\/five-ways-farm-deutsch\/#\/schema\/logo\/image\/"}}]}},"_links":{"self":[{"href":"https:\/\/la-via-antiga.com\/five-ways-farm-deutsch\/wp-json\/wp\/v2\/pages\/344","targetHints":{"allow":["GET"]}}],"collection":[{"href":"https:\/\/la-via-antiga.com\/five-ways-farm-deutsch\/wp-json\/wp\/v2\/pages"}],"about":[{"href":"https:\/\/la-via-antiga.com\/five-ways-farm-deutsch\/wp-json\/wp\/v2\/types\/page"}],"author":[{"embeddable":true,"href":"https:\/\/la-via-antiga.com\/five-ways-farm-deutsch\/wp-json\/wp\/v2\/users\/2"}],"replies":[{"embeddable":true,"href":"https:\/\/la-via-antiga.com\/five-ways-farm-deutsch\/wp-json\/wp\/v2\/comments?post=344"}],"version-history":[{"count":2,"href":"https:\/\/la-via-antiga.com\/five-ways-farm-deutsch\/wp-json\/wp\/v2\/pages\/344\/revisions"}],"predecessor-version":[{"id":400,"href":"https:\/\/la-via-antiga.com\/five-ways-farm-deutsch\/wp-json\/wp\/v2\/pages\/344\/revisions\/400"}],"wp:attachment":[{"href":"https:\/\/la-via-antiga.com\/five-ways-farm-deutsch\/wp-json\/wp\/v2\/media?parent=344"}],"curies":[{"name":"wp","href":"https:\/\/api.w.org\/{rel}","templated":true}]}}