{"id":270,"date":"2021-10-14T17:46:36","date_gmt":"2021-10-14T17:46:36","guid":{"rendered":"https:\/\/la-via-antiga.com\/five-ways-farm-deutsch\/?page_id=270"},"modified":"2021-10-14T18:10:07","modified_gmt":"2021-10-14T18:10:07","slug":"standort","status":"publish","type":"page","link":"https:\/\/la-via-antiga.com\/five-ways-farm-deutsch\/standort\/","title":{"rendered":"Standort"},"content":{"rendered":"\t\t<div data-elementor-type=\"wp-page\" data-elementor-id=\"270\" class=\"elementor elementor-270\" data-elementor-post-type=\"page\">\n\t\t\t\t\t\t<section class=\"elementor-section elementor-top-section elementor-element elementor-element-3f3ce9b elementor-section-height-min-height elementor-section-items-top elementor-section-boxed elementor-section-height-default\" data-id=\"3f3ce9b\" data-element_type=\"section\" data-e-type=\"section\" data-settings=\"{&quot;background_background&quot;:&quot;classic&quot;}\">\n\t\t\t\t\t\t<div class=\"elementor-container elementor-column-gap-default\">\n\t\t\t\t\t<div class=\"elementor-column elementor-col-100 elementor-top-column elementor-element elementor-element-fb20f50\" data-id=\"fb20f50\" data-element_type=\"column\" data-e-type=\"column\">\n\t\t\t<div class=\"elementor-widget-wrap elementor-element-populated\">\n\t\t\t\t\t\t<div class=\"elementor-element elementor-element-60352b4 elementor-widget elementor-widget-heading\" data-id=\"60352b4\" data-element_type=\"widget\" data-e-type=\"widget\" data-widget_type=\"heading.default\">\n\t\t\t\t<div class=\"elementor-widget-container\">\n\t\t\t\t\t<h1 class=\"elementor-heading-title elementor-size-default\"><b>Five Ways Farm<\/b> <b>projekt<\/b><\/h1>\t\t\t\t<\/div>\n\t\t\t\t<\/div>\n\t\t\t\t<div class=\"elementor-element elementor-element-755165d elementor-widget elementor-widget-heading\" data-id=\"755165d\" data-element_type=\"widget\" data-e-type=\"widget\" data-widget_type=\"heading.default\">\n\t\t\t\t<div class=\"elementor-widget-container\">\n\t\t\t\t\t<h2 class=\"elementor-heading-title elementor-size-default\">Guiding Values: Nature, Health, Friendship, Knowledge, Sustainability<\/h2>\t\t\t\t<\/div>\n\t\t\t\t<\/div>\n\t\t\t\t<div class=\"elementor-element elementor-element-c1fd85a elementor-widget elementor-widget-heading\" data-id=\"c1fd85a\" data-element_type=\"widget\" data-e-type=\"widget\" data-widget_type=\"heading.default\">\n\t\t\t\t<div class=\"elementor-widget-container\">\n\t\t\t\t\t<h2 class=\"elementor-heading-title elementor-size-default\">Mission: Living a higher quality life<\/h2>\t\t\t\t<\/div>\n\t\t\t\t<\/div>\n\t\t\t\t<div class=\"elementor-element elementor-element-599eb9d elementor-widget elementor-widget-text-editor\" data-id=\"599eb9d\" data-element_type=\"widget\" data-e-type=\"widget\" data-widget_type=\"text-editor.default\">\n\t\t\t\t<div class=\"elementor-widget-container\">\n\t\t\t\t\t\t\t\t\t<p>Standort<\/p>\t\t\t\t\t\t\t\t<\/div>\n\t\t\t\t<\/div>\n\t\t\t\t\t<\/div>\n\t\t<\/div>\n\t\t\t\t\t<\/div>\n\t\t<\/section>\n\t\t\t\t<section class=\"elementor-section elementor-top-section elementor-element elementor-element-9f17e83 elementor-section-full_width elementor-section-stretched elementor-section-height-default elementor-section-height-default\" data-id=\"9f17e83\" data-element_type=\"section\" data-e-type=\"section\" data-settings=\"{&quot;stretch_section&quot;:&quot;section-stretched&quot;}\">\n\t\t\t\t\t\t\t<div class=\"elementor-background-overlay\"><\/div>\n\t\t\t\t\t\t\t<div class=\"elementor-container elementor-column-gap-default\">\n\t\t\t\t\t<div class=\"elementor-column elementor-col-100 elementor-top-column elementor-element elementor-element-88b3251\" data-id=\"88b3251\" data-element_type=\"column\" data-e-type=\"column\">\n\t\t\t<div class=\"elementor-widget-wrap elementor-element-populated\">\n\t\t\t\t\t\t<div class=\"elementor-element elementor-element-9364350 elementor-widget elementor-widget-heading\" data-id=\"9364350\" data-element_type=\"widget\" data-e-type=\"widget\" data-widget_type=\"heading.default\">\n\t\t\t\t<div class=\"elementor-widget-container\">\n\t\t\t\t\t<h1 class=\"elementor-heading-title elementor-size-default\">Standort<\/h1>\t\t\t\t<\/div>\n\t\t\t\t<\/div>\n\t\t\t\t\t<\/div>\n\t\t<\/div>\n\t\t\t\t\t<\/div>\n\t\t<\/section>\n\t\t\t\t<section class=\"elementor-section elementor-top-section elementor-element elementor-element-b5e0208 elementor-section-full_width elementor-section-stretched elementor-section-height-default elementor-section-height-default\" data-id=\"b5e0208\" data-element_type=\"section\" data-e-type=\"section\" data-settings=\"{&quot;stretch_section&quot;:&quot;section-stretched&quot;}\">\n\t\t\t\t\t\t\t<div class=\"elementor-background-overlay\"><\/div>\n\t\t\t\t\t\t\t<div class=\"elementor-container elementor-column-gap-default\">\n\t\t\t\t\t<div class=\"elementor-column elementor-col-100 elementor-top-column elementor-element elementor-element-e5e1706\" data-id=\"e5e1706\" data-element_type=\"column\" data-e-type=\"column\">\n\t\t\t<div class=\"elementor-widget-wrap elementor-element-populated\">\n\t\t\t\t\t\t<div class=\"elementor-element elementor-element-ac9ff5f elementor-widget elementor-widget-text-editor\" data-id=\"ac9ff5f\" data-element_type=\"widget\" data-e-type=\"widget\" data-widget_type=\"text-editor.default\">\n\t\t\t\t<div class=\"elementor-widget-container\">\n\t\t\t\t\t\t\t\t\t<p>Die beiden Geb\u00e4ude befinden sich auf meinem Bauernhof, der \u00fcber eine 1,5 km lange, geschotterte Gemeindestra\u00dfe erreichbar ist.<\/p><p>Das Gebiet liegt in der N\u00e4he des Zusammenflusses von zwei Wasserl\u00e4ufen: im Westen der Canale della Pace und im S\u00fcden der Canale Brian.<\/p><p>Letztere diente als Grenzlinie zwischen dem Byzantinischen Reich (Ostr\u00f6misches Reich) und dem Langobardenreich, das das Westr\u00f6mische Reich zwischen dem 6. und 8.<\/p><p>Ersterer wird als lokaler Wettkampfplatz genutzt, letzterer als nationaler und internationaler Wettkampfplatz f\u00fcr Sportfischer.<\/p><p>Im Norden und Osten grenzt das Landwirtschaftszentrum an landwirtschaftliche Betriebe, die an Programmen zur Wiederherstellung von Naturr\u00e4umen (bewaldete Hecken, Waldst\u00fccke, D\u00fcnen, Teiche, Biotope) teilnehmen und ihre Felder nach \u00f6kologischen oder umweltschonenden Methoden bewirtschaften.<\/p><p>In der Umgebung ist die Jagd derzeit verboten, da es sich um eine Wiederbesiedlungs- und Erfassungszone handelt.<\/p><p>Die geografische Lage erm\u00f6glicht es Ihnen, die angenehme Ruhe der Landschaft zu genie\u00dfen, ohne zu weit entfernt zu sein<\/p><p>von den Stadtzentren von Venedig (62 km), Treviso (47 km) und Pordenone (54 km), die zwischen 45 km und 60 km entfernt sind;<br \/>von den Sekund\u00e4rzentren San Don\u00e0 di Piave (15 km), Oderzo (23 km) und Portogruaro (28 km), die zwischen 15 km und 30 km entfernt sind;<br \/>von den Str\u00e4nden von Lido di Jesolo (25 km), Eraclea Mare, Duna Verde (20 km), Valle Altanea, Porto Santa Margherita und Caorle (23 km), die zwischen 20 km und 25 km entfernt sind;<br \/>von den Bergzentren der Bellunesischen Voralpen und der Dolomiten: Piancavallo (78 km), Belluno (92 km), Agordo (121 km), Cortina d&#8217;Ampezzo (143 km), San Martino di Castrozza (148 km), die zwischen 80 und 150 km entfernt sind; und von den Bergzentren der Karnischen Voralpen und Alpen mit ihren Gipfeln, T\u00e4lern, B\u00e4chen und W\u00e4ldern von wilder Sch\u00f6nheit;<br \/>die K\u00fcste von Istrien (Kroatien), deren Entfernung je nach Abfahrts- und Ankunftsort zwischen 25 und 60 Meilen variiert.<\/p><p>Der Flughafen Marco Polo in Venedig ist 45 km entfernt, und der Flughafen San Giuseppe in Treviso ist 46 km entfernt.<\/p>\t\t\t\t\t\t\t\t<\/div>\n\t\t\t\t<\/div>\n\t\t\t\t\t<\/div>\n\t\t<\/div>\n\t\t\t\t\t<\/div>\n\t\t<\/section>\n\t\t\t\t<section class=\"elementor-section elementor-top-section elementor-element elementor-element-c2cb434 elementor-section-boxed elementor-section-height-default elementor-section-height-default\" data-id=\"c2cb434\" data-element_type=\"section\" data-e-type=\"section\">\n\t\t\t\t\t\t<div class=\"elementor-container elementor-column-gap-default\">\n\t\t\t\t\t<div class=\"elementor-column elementor-col-50 elementor-top-column elementor-element elementor-element-df8a03a\" data-id=\"df8a03a\" data-element_type=\"column\" data-e-type=\"column\">\n\t\t\t<div class=\"elementor-widget-wrap elementor-element-populated\">\n\t\t\t\t\t\t<div class=\"elementor-element elementor-element-8b71d32 elementor-widget elementor-widget-image\" data-id=\"8b71d32\" data-element_type=\"widget\" data-e-type=\"widget\" data-widget_type=\"image.default\">\n\t\t\t\t<div class=\"elementor-widget-container\">\n\t\t\t\t\t\t\t\t\t\t\t\t<figure class=\"wp-caption\">\n\t\t\t\t\t\t\t\t\t\t<img decoding=\"async\" src=\"https:\/\/la-via-antiga.com\/five-ways-farm\/wp-content\/uploads\/sites\/6\/2021\/06\/VistaAereadellAzienda_512x512_300-min.jpg\" title=\"\" alt=\"\" loading=\"lazy\" \/>\t\t\t\t\t\t\t\t\t\t\t<figcaption class=\"widget-image-caption wp-caption-text\"><\/figcaption>\n\t\t\t\t\t\t\t\t\t\t<\/figure>\n\t\t\t\t\t\t\t\t\t<\/div>\n\t\t\t\t<\/div>\n\t\t\t\t\t<\/div>\n\t\t<\/div>\n\t\t\t\t<div class=\"elementor-column elementor-col-50 elementor-top-column elementor-element elementor-element-c4ed292\" data-id=\"c4ed292\" data-element_type=\"column\" data-e-type=\"column\">\n\t\t\t<div class=\"elementor-widget-wrap elementor-element-populated\">\n\t\t\t\t\t\t<div class=\"elementor-element elementor-element-6ac8c53 elementor-widget elementor-widget-image\" data-id=\"6ac8c53\" data-element_type=\"widget\" data-e-type=\"widget\" data-widget_type=\"image.default\">\n\t\t\t\t<div class=\"elementor-widget-container\">\n\t\t\t\t\t\t\t\t\t\t\t\t<figure class=\"wp-caption\">\n\t\t\t\t\t\t\t\t\t\t<img decoding=\"async\" src=\"https:\/\/la-via-antiga.com\/five-ways-farm\/wp-content\/uploads\/sites\/6\/2021\/06\/FabbricatiRurali_20210608_512x512_300-min.jpg\" title=\"\" alt=\"\" loading=\"lazy\" \/>\t\t\t\t\t\t\t\t\t\t\t<figcaption class=\"widget-image-caption wp-caption-text\"><\/figcaption>\n\t\t\t\t\t\t\t\t\t\t<\/figure>\n\t\t\t\t\t\t\t\t\t<\/div>\n\t\t\t\t<\/div>\n\t\t\t\t\t<\/div>\n\t\t<\/div>\n\t\t\t\t\t<\/div>\n\t\t<\/section>\n\t\t\t\t<section class=\"elementor-section elementor-top-section elementor-element elementor-element-f5eee73 elementor-section-stretched elementor-section-full_width elementor-section-height-default elementor-section-height-default\" data-id=\"f5eee73\" data-element_type=\"section\" data-e-type=\"section\" data-settings=\"{&quot;stretch_section&quot;:&quot;section-stretched&quot;,&quot;background_background&quot;:&quot;classic&quot;}\">\n\t\t\t\t\t\t\t<div class=\"elementor-background-overlay\"><\/div>\n\t\t\t\t\t\t\t<div class=\"elementor-container elementor-column-gap-default\">\n\t\t\t\t\t<div class=\"elementor-column elementor-col-100 elementor-top-column elementor-element elementor-element-8745ece\" data-id=\"8745ece\" data-element_type=\"column\" data-e-type=\"column\">\n\t\t\t<div class=\"elementor-widget-wrap elementor-element-populated\">\n\t\t\t\t\t\t<div class=\"elementor-element elementor-element-39f8429 elementor-align-center elementor-widget elementor-widget-button\" data-id=\"39f8429\" data-element_type=\"widget\" data-e-type=\"widget\" data-widget_type=\"button.default\">\n\t\t\t\t<div class=\"elementor-widget-container\">\n\t\t\t\t\t\t\t\t\t<div class=\"elementor-button-wrapper\">\n\t\t\t\t\t<a class=\"elementor-button elementor-button-link elementor-size-sm\" href=\"https:\/\/la-via-antiga.com\/five-ways-farm-deutsch\/uber-mich\/\" target=\"_blank\">\n\t\t\t\t\t\t<span class=\"elementor-button-content-wrapper\">\n\t\t\t\t\t\t\t\t\t<span class=\"elementor-button-text\">Weiter zu \u00dcber mich<\/span>\n\t\t\t\t\t<\/span>\n\t\t\t\t\t<\/a>\n\t\t\t\t<\/div>\n\t\t\t\t\t\t\t\t<\/div>\n\t\t\t\t<\/div>\n\t\t\t\t\t<\/div>\n\t\t<\/div>\n\t\t\t\t\t<\/div>\n\t\t<\/section>\n\t\t\t\t<\/div>\n\t\t","protected":false},"excerpt":{"rendered":"<p>Five Ways Farm projekt Guiding Values: Nature, Health, Friendship, Knowledge, Sustainability Mission: Living a higher quality life Standort Standort Die beiden Geb\u00e4ude befinden sich auf meinem Bauernhof, der \u00fcber eine 1,5 km lange, geschotterte Gemeindestra\u00dfe erreichbar ist. Das Gebiet liegt in der N\u00e4he des Zusammenflusses von zwei Wasserl\u00e4ufen: im Westen der Canale della Pace und&#8230;<\/p>\n","protected":false},"author":2,"featured_media":0,"parent":0,"menu_order":0,"comment_status":"closed","ping_status":"closed","template":"","meta":{"_acf_changed":false,"_kadence_starter_templates_imported_post":false,"_kad_post_transparent":"default","_kad_post_title":"hide","_kad_post_layout":"fullwidth","_kad_post_sidebar_id":"","_kad_post_content_style":"unboxed","_kad_post_vertical_padding":"hide","_kad_post_feature":"hide","_kad_post_feature_position":"","_kad_post_header":false,"_kad_post_footer":false,"_kad_post_classname":"","footnotes":""},"class_list":["post-270","page","type-page","status-publish","hentry"],"acf":[],"yoast_head":"<!-- This site is optimized with the Yoast SEO plugin v27.4 - https:\/\/yoast.com\/product\/yoast-seo-wordpress\/ -->\n<title>Standort - Five Ways Farm Deutsch<\/title>\n<meta name=\"robots\" content=\"index, follow, max-snippet:-1, max-image-preview:large, max-video-preview:-1\" \/>\n<link rel=\"canonical\" href=\"https:\/\/la-via-antiga.com\/five-ways-farm-deutsch\/standort\/\" \/>\n<meta property=\"og:locale\" content=\"en_US\" \/>\n<meta property=\"og:type\" content=\"article\" \/>\n<meta property=\"og:title\" content=\"Standort - Five Ways Farm Deutsch\" \/>\n<meta property=\"og:description\" content=\"Five Ways Farm projekt Guiding Values: Nature, Health, Friendship, Knowledge, Sustainability Mission: Living a higher quality life Standort Standort Die beiden Geb\u00e4ude befinden sich auf meinem Bauernhof, der \u00fcber eine 1,5 km lange, geschotterte Gemeindestra\u00dfe erreichbar ist. Das Gebiet liegt in der N\u00e4he des Zusammenflusses von zwei Wasserl\u00e4ufen: im Westen der Canale della Pace und...\" \/>\n<meta property=\"og:url\" content=\"https:\/\/la-via-antiga.com\/five-ways-farm-deutsch\/standort\/\" \/>\n<meta property=\"og:site_name\" content=\"Five Ways Farm Deutsch\" \/>\n<meta property=\"article:modified_time\" content=\"2021-10-14T18:10:07+00:00\" \/>\n<meta property=\"og:image\" content=\"https:\/\/la-via-antiga.com\/five-ways-farm\/wp-content\/uploads\/sites\/6\/2021\/06\/VistaAereadellAzienda_512x512_300-min.jpg\" \/>\n<meta name=\"twitter:card\" content=\"summary_large_image\" \/>\n<meta name=\"twitter:label1\" content=\"Est. reading time\" \/>\n\t<meta name=\"twitter:data1\" content=\"2 minutes\" \/>\n<script type=\"application\/ld+json\" class=\"yoast-schema-graph\">{\"@context\":\"https:\\\/\\\/schema.org\",\"@graph\":[{\"@type\":\"WebPage\",\"@id\":\"https:\\\/\\\/la-via-antiga.com\\\/five-ways-farm-deutsch\\\/standort\\\/\",\"url\":\"https:\\\/\\\/la-via-antiga.com\\\/five-ways-farm-deutsch\\\/standort\\\/\",\"name\":\"Standort - Five Ways Farm Deutsch\",\"isPartOf\":{\"@id\":\"https:\\\/\\\/la-via-antiga.com\\\/five-ways-farm-deutsch\\\/#website\"},\"primaryImageOfPage\":{\"@id\":\"https:\\\/\\\/la-via-antiga.com\\\/five-ways-farm-deutsch\\\/standort\\\/#primaryimage\"},\"image\":{\"@id\":\"https:\\\/\\\/la-via-antiga.com\\\/five-ways-farm-deutsch\\\/standort\\\/#primaryimage\"},\"thumbnailUrl\":\"https:\\\/\\\/la-via-antiga.com\\\/five-ways-farm\\\/wp-content\\\/uploads\\\/sites\\\/6\\\/2021\\\/06\\\/VistaAereadellAzienda_512x512_300-min.jpg\",\"datePublished\":\"2021-10-14T17:46:36+00:00\",\"dateModified\":\"2021-10-14T18:10:07+00:00\",\"breadcrumb\":{\"@id\":\"https:\\\/\\\/la-via-antiga.com\\\/five-ways-farm-deutsch\\\/standort\\\/#breadcrumb\"},\"inLanguage\":\"en-US\",\"potentialAction\":[{\"@type\":\"ReadAction\",\"target\":[\"https:\\\/\\\/la-via-antiga.com\\\/five-ways-farm-deutsch\\\/standort\\\/\"]}]},{\"@type\":\"ImageObject\",\"inLanguage\":\"en-US\",\"@id\":\"https:\\\/\\\/la-via-antiga.com\\\/five-ways-farm-deutsch\\\/standort\\\/#primaryimage\",\"url\":\"https:\\\/\\\/la-via-antiga.com\\\/five-ways-farm\\\/wp-content\\\/uploads\\\/sites\\\/6\\\/2021\\\/06\\\/VistaAereadellAzienda_512x512_300-min.jpg\",\"contentUrl\":\"https:\\\/\\\/la-via-antiga.com\\\/five-ways-farm\\\/wp-content\\\/uploads\\\/sites\\\/6\\\/2021\\\/06\\\/VistaAereadellAzienda_512x512_300-min.jpg\"},{\"@type\":\"BreadcrumbList\",\"@id\":\"https:\\\/\\\/la-via-antiga.com\\\/five-ways-farm-deutsch\\\/standort\\\/#breadcrumb\",\"itemListElement\":[{\"@type\":\"ListItem\",\"position\":1,\"name\":\"Home\",\"item\":\"https:\\\/\\\/la-via-antiga.com\\\/five-ways-farm-deutsch\\\/\"},{\"@type\":\"ListItem\",\"position\":2,\"name\":\"Standort\"}]},{\"@type\":\"WebSite\",\"@id\":\"https:\\\/\\\/la-via-antiga.com\\\/five-ways-farm-deutsch\\\/#website\",\"url\":\"https:\\\/\\\/la-via-antiga.com\\\/five-ways-farm-deutsch\\\/\",\"name\":\"Five Ways Farm Deutsch\",\"description\":\"F\u00fcnf Wege: Natur, Gesundheit, Freundschaft, Wissen, Nachhaltigkeit\",\"publisher\":{\"@id\":\"https:\\\/\\\/la-via-antiga.com\\\/five-ways-farm-deutsch\\\/#organization\"},\"potentialAction\":[{\"@type\":\"SearchAction\",\"target\":{\"@type\":\"EntryPoint\",\"urlTemplate\":\"https:\\\/\\\/la-via-antiga.com\\\/five-ways-farm-deutsch\\\/?s={search_term_string}\"},\"query-input\":{\"@type\":\"PropertyValueSpecification\",\"valueRequired\":true,\"valueName\":\"search_term_string\"}}],\"inLanguage\":\"en-US\"},{\"@type\":\"Organization\",\"@id\":\"https:\\\/\\\/la-via-antiga.com\\\/five-ways-farm-deutsch\\\/#organization\",\"name\":\"Five Ways Farm Deutsch\",\"url\":\"https:\\\/\\\/la-via-antiga.com\\\/five-ways-farm-deutsch\\\/\",\"logo\":{\"@type\":\"ImageObject\",\"inLanguage\":\"en-US\",\"@id\":\"https:\\\/\\\/la-via-antiga.com\\\/five-ways-farm-deutsch\\\/#\\\/schema\\\/logo\\\/image\\\/\",\"url\":\"https:\\\/\\\/la-via-antiga.com\\\/five-ways-farm-deutsch\\\/wp-content\\\/uploads\\\/sites\\\/11\\\/2021\\\/10\\\/FIVE-WAYS-FARM_LOGO_128x128-min.jpg\",\"contentUrl\":\"https:\\\/\\\/la-via-antiga.com\\\/five-ways-farm-deutsch\\\/wp-content\\\/uploads\\\/sites\\\/11\\\/2021\\\/10\\\/FIVE-WAYS-FARM_LOGO_128x128-min.jpg\",\"width\":128,\"height\":128,\"caption\":\"Five Ways Farm Deutsch\"},\"image\":{\"@id\":\"https:\\\/\\\/la-via-antiga.com\\\/five-ways-farm-deutsch\\\/#\\\/schema\\\/logo\\\/image\\\/\"}}]}<\/script>\n<!-- \/ Yoast SEO plugin. -->","yoast_head_json":{"title":"Standort - Five Ways Farm Deutsch","robots":{"index":"index","follow":"follow","max-snippet":"max-snippet:-1","max-image-preview":"max-image-preview:large","max-video-preview":"max-video-preview:-1"},"canonical":"https:\/\/la-via-antiga.com\/five-ways-farm-deutsch\/standort\/","og_locale":"en_US","og_type":"article","og_title":"Standort - Five Ways Farm Deutsch","og_description":"Five Ways Farm projekt Guiding Values: Nature, Health, Friendship, Knowledge, Sustainability Mission: Living a higher quality life Standort Standort Die beiden Geb\u00e4ude befinden sich auf meinem Bauernhof, der \u00fcber eine 1,5 km lange, geschotterte Gemeindestra\u00dfe erreichbar ist. Das Gebiet liegt in der N\u00e4he des Zusammenflusses von zwei Wasserl\u00e4ufen: im Westen der Canale della Pace und...","og_url":"https:\/\/la-via-antiga.com\/five-ways-farm-deutsch\/standort\/","og_site_name":"Five Ways Farm Deutsch","article_modified_time":"2021-10-14T18:10:07+00:00","og_image":[{"url":"https:\/\/la-via-antiga.com\/five-ways-farm\/wp-content\/uploads\/sites\/6\/2021\/06\/VistaAereadellAzienda_512x512_300-min.jpg","type":"","width":"","height":""}],"twitter_card":"summary_large_image","twitter_misc":{"Est. reading time":"2 minutes"},"schema":{"@context":"https:\/\/schema.org","@graph":[{"@type":"WebPage","@id":"https:\/\/la-via-antiga.com\/five-ways-farm-deutsch\/standort\/","url":"https:\/\/la-via-antiga.com\/five-ways-farm-deutsch\/standort\/","name":"Standort - Five Ways Farm Deutsch","isPartOf":{"@id":"https:\/\/la-via-antiga.com\/five-ways-farm-deutsch\/#website"},"primaryImageOfPage":{"@id":"https:\/\/la-via-antiga.com\/five-ways-farm-deutsch\/standort\/#primaryimage"},"image":{"@id":"https:\/\/la-via-antiga.com\/five-ways-farm-deutsch\/standort\/#primaryimage"},"thumbnailUrl":"https:\/\/la-via-antiga.com\/five-ways-farm\/wp-content\/uploads\/sites\/6\/2021\/06\/VistaAereadellAzienda_512x512_300-min.jpg","datePublished":"2021-10-14T17:46:36+00:00","dateModified":"2021-10-14T18:10:07+00:00","breadcrumb":{"@id":"https:\/\/la-via-antiga.com\/five-ways-farm-deutsch\/standort\/#breadcrumb"},"inLanguage":"en-US","potentialAction":[{"@type":"ReadAction","target":["https:\/\/la-via-antiga.com\/five-ways-farm-deutsch\/standort\/"]}]},{"@type":"ImageObject","inLanguage":"en-US","@id":"https:\/\/la-via-antiga.com\/five-ways-farm-deutsch\/standort\/#primaryimage","url":"https:\/\/la-via-antiga.com\/five-ways-farm\/wp-content\/uploads\/sites\/6\/2021\/06\/VistaAereadellAzienda_512x512_300-min.jpg","contentUrl":"https:\/\/la-via-antiga.com\/five-ways-farm\/wp-content\/uploads\/sites\/6\/2021\/06\/VistaAereadellAzienda_512x512_300-min.jpg"},{"@type":"BreadcrumbList","@id":"https:\/\/la-via-antiga.com\/five-ways-farm-deutsch\/standort\/#breadcrumb","itemListElement":[{"@type":"ListItem","position":1,"name":"Home","item":"https:\/\/la-via-antiga.com\/five-ways-farm-deutsch\/"},{"@type":"ListItem","position":2,"name":"Standort"}]},{"@type":"WebSite","@id":"https:\/\/la-via-antiga.com\/five-ways-farm-deutsch\/#website","url":"https:\/\/la-via-antiga.com\/five-ways-farm-deutsch\/","name":"Five Ways Farm Deutsch","description":"F\u00fcnf Wege: Natur, Gesundheit, Freundschaft, Wissen, Nachhaltigkeit","publisher":{"@id":"https:\/\/la-via-antiga.com\/five-ways-farm-deutsch\/#organization"},"potentialAction":[{"@type":"SearchAction","target":{"@type":"EntryPoint","urlTemplate":"https:\/\/la-via-antiga.com\/five-ways-farm-deutsch\/?s={search_term_string}"},"query-input":{"@type":"PropertyValueSpecification","valueRequired":true,"valueName":"search_term_string"}}],"inLanguage":"en-US"},{"@type":"Organization","@id":"https:\/\/la-via-antiga.com\/five-ways-farm-deutsch\/#organization","name":"Five Ways Farm Deutsch","url":"https:\/\/la-via-antiga.com\/five-ways-farm-deutsch\/","logo":{"@type":"ImageObject","inLanguage":"en-US","@id":"https:\/\/la-via-antiga.com\/five-ways-farm-deutsch\/#\/schema\/logo\/image\/","url":"https:\/\/la-via-antiga.com\/five-ways-farm-deutsch\/wp-content\/uploads\/sites\/11\/2021\/10\/FIVE-WAYS-FARM_LOGO_128x128-min.jpg","contentUrl":"https:\/\/la-via-antiga.com\/five-ways-farm-deutsch\/wp-content\/uploads\/sites\/11\/2021\/10\/FIVE-WAYS-FARM_LOGO_128x128-min.jpg","width":128,"height":128,"caption":"Five Ways Farm Deutsch"},"image":{"@id":"https:\/\/la-via-antiga.com\/five-ways-farm-deutsch\/#\/schema\/logo\/image\/"}}]}},"_links":{"self":[{"href":"https:\/\/la-via-antiga.com\/five-ways-farm-deutsch\/wp-json\/wp\/v2\/pages\/270","targetHints":{"allow":["GET"]}}],"collection":[{"href":"https:\/\/la-via-antiga.com\/five-ways-farm-deutsch\/wp-json\/wp\/v2\/pages"}],"about":[{"href":"https:\/\/la-via-antiga.com\/five-ways-farm-deutsch\/wp-json\/wp\/v2\/types\/page"}],"author":[{"embeddable":true,"href":"https:\/\/la-via-antiga.com\/five-ways-farm-deutsch\/wp-json\/wp\/v2\/users\/2"}],"replies":[{"embeddable":true,"href":"https:\/\/la-via-antiga.com\/five-ways-farm-deutsch\/wp-json\/wp\/v2\/comments?post=270"}],"version-history":[{"count":5,"href":"https:\/\/la-via-antiga.com\/five-ways-farm-deutsch\/wp-json\/wp\/v2\/pages\/270\/revisions"}],"predecessor-version":[{"id":295,"href":"https:\/\/la-via-antiga.com\/five-ways-farm-deutsch\/wp-json\/wp\/v2\/pages\/270\/revisions\/295"}],"wp:attachment":[{"href":"https:\/\/la-via-antiga.com\/five-ways-farm-deutsch\/wp-json\/wp\/v2\/media?parent=270"}],"curies":[{"name":"wp","href":"https:\/\/api.w.org\/{rel}","templated":true}]}}